	
    {"id":24656,"date":"2021-07-05T13:16:52","date_gmt":"2021-07-05T11:16:52","guid":{"rendered":"https:\/\/colosseo.it\/?page_id=24656"},"modified":"2021-11-30T17:24:25","modified_gmt":"2021-11-30T16:24:25","slug":"la-domus-aurea-y-la-exposicin-rafael-y-la-invencin-del-grutesco","status":"publish","type":"page","link":"https:\/\/colosseo.it\/es\/horarios-y-entradas\/la-domus-aurea-y-la-exposicin-rafael-y-la-invencin-del-grutesco\/","title":{"rendered":"La Domus Aurea y la exposici&oacute;n &quot;Rafael y la invenci&oacute;n del grutesco&quot;"},"content":{"rendered":"<p>Con motivo de la reapertura al p\u00fablico de la Domus Aurea \u2013con un sistema de iluminaci\u00f3n renovado que enfatiza los espacios y motivos decorativos y con una nueva entrada para el p\u00fablico\u2013 la residencia de Ner\u00f3n acoge por primera vez una exposici\u00f3n en la sala Octagonal: \u201cRafael y la Domus Aurea. La invenci\u00f3n del grutesco\u00bb. Dise\u00f1ada para las celebraciones por los 500 a\u00f1os de la muerte de Rafael Sanzio, esta excepcional exposici\u00f3n inmersiva est\u00e1 dedicada al redescubrimiento de la pintura antigua, sepultada en las \u201cgrutas\u201d de las ruinas olvidadas del inmenso palacio imperial de Ner\u00f3n.<\/p>\n","protected":false},"excerpt":{"rendered":"<p>Con motivo de la reapertura al p\u00fablico de la Domus Aurea \u2013con un sistema de iluminaci\u00f3n renovado que enfatiza los espacios y motivos decorativos y con una nueva entrada para el p\u00fablico\u2013 la residencia de Ner\u00f3n acoge por primera vez una exposici\u00f3n en la sala Octagonal: \u201cRafael y la Domus Aurea. La invenci\u00f3n del grutesco\u00bb.<a class=\"excerpt-read-more\" href=\"https:\/\/colosseo.it\/es\/horarios-y-entradas\/la-domus-aurea-y-la-exposicin-rafael-y-la-invencin-del-grutesco\/\" title=\"ReadLa Domus Aurea y la exposici&oacute;n &quot;Rafael y la invenci&oacute;n del grutesco&quot;\">&#8230; Read more &raquo;<\/a><\/p>\n","protected":false},"author":4,"featured_media":0,"parent":7658,"menu_order":0,"comment_status":"closed","ping_status":"closed","template":"","meta":[],"acf":[],"_links":{"self":[{"href":"https:\/\/colosseo.it\/es\/wp-json\/wp\/v2\/pages\/24656"}],"collection":[{"href":"https:\/\/colosseo.it\/es\/wp-json\/wp\/v2\/pages"}],"about":[{"href":"https:\/\/colosseo.it\/es\/wp-json\/wp\/v2\/types\/page"}],"author":[{"embeddable":true,"href":"https:\/\/colosseo.it\/es\/wp-json\/wp\/v2\/users\/4"}],"replies":[{"embeddable":true,"href":"https:\/\/colosseo.it\/es\/wp-json\/wp\/v2\/comments?post=24656"}],"version-history":[{"count":4,"href":"https:\/\/colosseo.it\/es\/wp-json\/wp\/v2\/pages\/24656\/revisions"}],"predecessor-version":[{"id":29265,"href":"https:\/\/colosseo.it\/es\/wp-json\/wp\/v2\/pages\/24656\/revisions\/29265"}],"up":[{"embeddable":true,"href":"https:\/\/colosseo.it\/es\/wp-json\/wp\/v2\/pages\/7658"}],"wp:attachment":[{"href":"https:\/\/colosseo.it\/es\/wp-json\/wp\/v2\/media?parent=24656"}],"curies":[{"name":"wp","href":"https:\/\/api.w.org\/{rel}","templated":true}]}}