	
    {"id":27206,"date":"2021-09-28T10:49:46","date_gmt":"2021-09-28T08:49:46","guid":{"rendered":"https:\/\/colosseo.it\/parco-green\/el-aceite-del-parco\/"},"modified":"2021-09-28T14:50:33","modified_gmt":"2021-09-28T12:50:33","slug":"el-aceite-del-parco","status":"publish","type":"page","link":"https:\/\/colosseo.it\/es\/parco-green\/el-aceite-del-parco\/","title":{"rendered":"El aceite del PArCo"},"content":{"rendered":"<p><strong>La agricultura, de la que una parte importante est\u00e1 representada por el cultivo del olivo y la vid, era la actividad moralmente m\u00e1s digna del ciudadano romano, expresi\u00f3n de los valores de los padres y de la prosperidad de la naci\u00f3n<\/strong>.<\/p>\n<p>Las fuentes antiguas, como la enciclopedia <strong>Historia natural de Plinio el Viejo<\/strong>, nos transmiten la presencia, en la <strong>plaza del Foro Romano, de tres plantas, s\u00edmbolo de la cultura romana: Ficus, Olea et Vitis<\/strong> e, incluso en nuestros d\u00edas, plantas de la misma especie se mantienen en recuerdo de las antiguas en el mismo lugar.<\/p>\n<p>El Parque Arqueol\u00f3gico del Coliseo cuenta con <strong>189 olivos<\/strong>, plantados en distintas \u00e9pocas, de los ejemplares centenarios pr\u00f3ximos al arco de Tito a los m\u00e1s recientes, perfectamente insertados en un paisaje del que los olivos forman parte desde la antig\u00fcedad.<\/p>\n<p><img decoding=\"async\" loading=\"lazy\" class=\"aligncenter wp-image-21935 size-full\" src=\"https:\/\/colosseo.it\/sito\/wp-content\/uploads\/2021\/03\/Potatura-marzo-2020-6.jpg\" alt=\"\" width=\"885\" height=\"663\" srcset=\"https:\/\/colosseo.it\/sito\/wp-content\/uploads\/2021\/03\/Potatura-marzo-2020-6.jpg 885w, https:\/\/colosseo.it\/sito\/wp-content\/uploads\/2021\/03\/Potatura-marzo-2020-6-300x225.jpg 300w, https:\/\/colosseo.it\/sito\/wp-content\/uploads\/2021\/03\/Potatura-marzo-2020-6-768x575.jpg 768w\" sizes=\"(max-width: 885px) 100vw, 885px\" \/><\/p>\n<p>El importante patrimonio indujo al PArCo a convertirse en promotor de un proyecto que, junto con el valor cultural, hist\u00f3rico y naturalista, fuera expresi\u00f3n de \u00e9tica medioambiental, recogiendo las aceitunas de los \u00e1rboles, eliminando \u201cel derroche\u201d y el problema de limpieza y seguridad que generaban las aceitunas en los paseos del \u00e1rea arqueol\u00f3gica; una recuperaci\u00f3n virtuosa que dio como resultado la producci\u00f3n del aceite del Palatino, aceite de oliva virgen extra (AOVE) elaborado con la cosecha de \u00e1rboles que actualmente no est\u00e1n sometidos a tratamientos fitosanitarios qu\u00edmicos.<\/p>\n<p><iframe loading=\"lazy\" title=\"Reproductor de v\u00eddeo YouTube\" src=\"https:\/\/www.youtube.com\/embed\/7hduLOTzddM\" width=\"560\" height=\"315\" frameborder=\"0\" allowfullscreen=\"allowfullscreen\"><\/iframe><\/p>\n<p>&nbsp;<\/p>\n<h4>Descarga aqu\u00ed el folleto del evento de mayo de 2021: <a href=\"https:\/\/colosseo.it\/sito\/wp-content\/uploads\/2021\/06\/pieghevole-PArCo_Unaprol_Coldiretti-Lazio.pdf\">folleto PArCo_Unaprol_Coldiretti Lazio<\/a><\/h4>\n","protected":false},"excerpt":{"rendered":"<p>La agricultura, de la que una parte importante est\u00e1 representada por el cultivo del olivo y la vid, era la actividad moralmente m\u00e1s digna del ciudadano romano, expresi\u00f3n de los valores de los padres y de la prosperidad de la naci\u00f3n. Las fuentes antiguas, como la enciclopedia Historia natural de Plinio el Viejo, nos transmiten<a class=\"excerpt-read-more\" href=\"https:\/\/colosseo.it\/es\/parco-green\/el-aceite-del-parco\/\" title=\"ReadEl aceite del PArCo\">&#8230; Read more &raquo;<\/a><\/p>\n","protected":false},"author":1,"featured_media":27271,"parent":27204,"menu_order":0,"comment_status":"closed","ping_status":"closed","template":"page-parco_green.php","meta":[],"acf":[],"_links":{"self":[{"href":"https:\/\/colosseo.it\/es\/wp-json\/wp\/v2\/pages\/27206"}],"collection":[{"href":"https:\/\/colosseo.it\/es\/wp-json\/wp\/v2\/pages"}],"about":[{"href":"https:\/\/colosseo.it\/es\/wp-json\/wp\/v2\/types\/page"}],"author":[{"embeddable":true,"href":"https:\/\/colosseo.it\/es\/wp-json\/wp\/v2\/users\/1"}],"replies":[{"embeddable":true,"href":"https:\/\/colosseo.it\/es\/wp-json\/wp\/v2\/comments?post=27206"}],"version-history":[{"count":1,"href":"https:\/\/colosseo.it\/es\/wp-json\/wp\/v2\/pages\/27206\/revisions"}],"predecessor-version":[{"id":27273,"href":"https:\/\/colosseo.it\/es\/wp-json\/wp\/v2\/pages\/27206\/revisions\/27273"}],"up":[{"embeddable":true,"href":"https:\/\/colosseo.it\/es\/wp-json\/wp\/v2\/pages\/27204"}],"wp:featuredmedia":[{"embeddable":true,"href":"https:\/\/colosseo.it\/es\/wp-json\/wp\/v2\/media\/27271"}],"wp:attachment":[{"href":"https:\/\/colosseo.it\/es\/wp-json\/wp\/v2\/media?parent=27206"}],"curies":[{"name":"wp","href":"https:\/\/api.w.org\/{rel}","templated":true}]}}