	
    {"id":27213,"date":"2021-09-28T10:49:53","date_gmt":"2021-09-28T08:49:53","guid":{"rendered":"https:\/\/colosseo.it\/parco-green\/nuestra-miel-la-ambrosa-del-palatino\/"},"modified":"2021-09-28T14:43:54","modified_gmt":"2021-09-28T12:43:54","slug":"nuestra-miel-la-ambrosa-del-palatino","status":"publish","type":"page","link":"https:\/\/colosseo.it\/es\/parco-green\/nuestra-miel-la-ambrosa-del-palatino\/","title":{"rendered":"Nuestra miel: la ambros&iacute;a del Palatino"},"content":{"rendered":"<p style=\"text-align: justify;\">Gracias al <strong>proyecto GRABees \u2013 La miel de Roma\u00a0<\/strong>se instalaron, a lo largo del <strong>itinerario de la pendiente meridional del monte Palatino dentro del PArCo<\/strong>, las colmenas de las que fue posible obtener la <strong>miel \u201cAmbros\u00eda del Palatino\u201d<\/strong>.<\/p>\n<p style=\"text-align: justify;\">El punto elegido retoma las \u201cdirectrices\u201d sugeridas por las fuentes antiguas; <strong>Varr\u00f3n, Columela, Plinio y, si bien dentro del contexto po\u00e9tico, Virgilio<\/strong>, ilustran al un\u00edsono el mismo paisaje ideal para el cultivo de abejas. Recomiendan lugares amplios, secos y ventilados, y aconsejan colocar las colmenas en zonas aisladas, lejos de otros animales y del hombre, y en las que haya abundantes plantas de cosecha y agua cerca.<\/p>\n<p style=\"text-align: justify;\"><strong>Nuestras colmenas est\u00e1n situadas a los pies de las caba\u00f1as de R\u00f3mulo, donde tiene sus inicios la historia arcaica de Roma, en uno de los puntos m\u00e1s tranquilos y atractivos del PArCo, muy rico en vegetaci\u00f3n mediterr\u00e1nea<\/strong>. Esto facilit\u00f3 la adaptaci\u00f3n de las abejas y el \u00e9xito del proyecto, asegurando una producci\u00f3n de buena calidad y considerable valor.<\/p>\n<p><img decoding=\"async\" loading=\"lazy\" class=\"aligncenter wp-image-21951 size-full\" src=\"https:\/\/colosseo.it\/sito\/wp-content\/uploads\/2021\/03\/IMG-20200408-WA0008.jpg\" alt=\"\" width=\"1600\" height=\"1066\" srcset=\"https:\/\/colosseo.it\/sito\/wp-content\/uploads\/2021\/03\/IMG-20200408-WA0008.jpg 1600w, https:\/\/colosseo.it\/sito\/wp-content\/uploads\/2021\/03\/IMG-20200408-WA0008-300x200.jpg 300w, https:\/\/colosseo.it\/sito\/wp-content\/uploads\/2021\/03\/IMG-20200408-WA0008-768x512.jpg 768w, https:\/\/colosseo.it\/sito\/wp-content\/uploads\/2021\/03\/IMG-20200408-WA0008-1024x682.jpg 1024w, https:\/\/colosseo.it\/sito\/wp-content\/uploads\/2021\/03\/IMG-20200408-WA0008-1501x1000.jpg 1501w\" sizes=\"(max-width: 1600px) 100vw, 1600px\" \/><\/p>\n<p style=\"text-align: justify;\">La miel, desde la antig\u00fcedad, es un bien precioso para la reposter\u00eda, la medicina y la cosm\u00e9tica, tan importante que alcanza un valor simb\u00f3lico y divino: la ambros\u00eda como alimento de la inmortalidad.<\/p>\n<p style=\"text-align: justify;\">Es importante subrayar la importancia de la apicultura para los problemas clim\u00e1ticos actuales. Las abejas son insectos polinizadores capaces de aumentar la vegetaci\u00f3n y sin embargo, en la actualidad, se encuentran en peligro de extinci\u00f3n debido a la p\u00e9rdida de la biodiversidad, de los h\u00e1bitats naturales y de los cambios clim\u00e1ticos.<\/p>\n<p><iframe loading=\"lazy\" title=\"Reproductor de v\u00eddeo YouTube\" src=\"https:\/\/www.youtube.com\/embed\/PDtzx9TwBsg\" width=\"560\" height=\"315\" frameborder=\"0\" allowfullscreen=\"allowfullscreen\"><\/iframe><\/p>\n","protected":false},"excerpt":{"rendered":"<p>Gracias al proyecto GRABees \u2013 La miel de Roma\u00a0se instalaron, a lo largo del itinerario de la pendiente meridional del monte Palatino dentro del PArCo, las colmenas de las que fue posible obtener la miel \u201cAmbros\u00eda del Palatino\u201d. El punto elegido retoma las \u201cdirectrices\u201d sugeridas por las fuentes antiguas; Varr\u00f3n, Columela, Plinio y, si bien<a class=\"excerpt-read-more\" href=\"https:\/\/colosseo.it\/es\/parco-green\/nuestra-miel-la-ambrosa-del-palatino\/\" title=\"ReadNuestra miel: la ambros&iacute;a del Palatino\">&#8230; Read more &raquo;<\/a><\/p>\n","protected":false},"author":13,"featured_media":22245,"parent":27204,"menu_order":0,"comment_status":"closed","ping_status":"closed","template":"page-parco_green.php","meta":[],"acf":[],"_links":{"self":[{"href":"https:\/\/colosseo.it\/es\/wp-json\/wp\/v2\/pages\/27213"}],"collection":[{"href":"https:\/\/colosseo.it\/es\/wp-json\/wp\/v2\/pages"}],"about":[{"href":"https:\/\/colosseo.it\/es\/wp-json\/wp\/v2\/types\/page"}],"author":[{"embeddable":true,"href":"https:\/\/colosseo.it\/es\/wp-json\/wp\/v2\/users\/13"}],"replies":[{"embeddable":true,"href":"https:\/\/colosseo.it\/es\/wp-json\/wp\/v2\/comments?post=27213"}],"version-history":[{"count":1,"href":"https:\/\/colosseo.it\/es\/wp-json\/wp\/v2\/pages\/27213\/revisions"}],"predecessor-version":[{"id":27263,"href":"https:\/\/colosseo.it\/es\/wp-json\/wp\/v2\/pages\/27213\/revisions\/27263"}],"up":[{"embeddable":true,"href":"https:\/\/colosseo.it\/es\/wp-json\/wp\/v2\/pages\/27204"}],"wp:featuredmedia":[{"embeddable":true,"href":"https:\/\/colosseo.it\/es\/wp-json\/wp\/v2\/media\/22245"}],"wp:attachment":[{"href":"https:\/\/colosseo.it\/es\/wp-json\/wp\/v2\/media?parent=27213"}],"curies":[{"name":"wp","href":"https:\/\/api.w.org\/{rel}","templated":true}]}}