	
    {"id":27219,"date":"2021-09-28T10:49:57","date_gmt":"2021-09-28T08:49:57","guid":{"rendered":"https:\/\/colosseo.it\/apoya-y-participa\/membresa\/"},"modified":"2026-04-20T15:57:26","modified_gmt":"2026-04-20T13:57:26","slug":"membresa","status":"publish","type":"page","link":"https:\/\/colosseo.it\/es\/apoya-y-participa\/membresa\/","title":{"rendered":"Membres&iacute;a"},"content":{"rendered":"<p>Sum\u00e1ndote al programa Membres\u00eda podr\u00e1s participar y apoyar en primera persona al Parque arqueol\u00f3gico del Coliseo y sus valores, promoviendo y construyendo juntos una l\u00ednea directa con la comunidad, abierta y compartida.<br \/>\n<em>JOVEN<\/em>, <em>INDIVIDUAL<\/em>, <em>FAMILIA <\/em>&amp;<em> AMIGOS<\/em>: elige la f\u00f3rmula m\u00e1s adecuada para ti.<strong><br \/>\n<\/strong><\/p>\n<p>&nbsp;<\/p>\n<p>&nbsp;<\/p>\n<p>&nbsp;<\/p>\n<p>&nbsp;<\/p>\n","protected":false},"excerpt":{"rendered":"<p>Sum\u00e1ndote al programa Membres\u00eda podr\u00e1s participar y apoyar en primera persona al Parque arqueol\u00f3gico del Coliseo y sus valores, promoviendo y construyendo juntos una l\u00ednea directa con la comunidad, abierta y compartida. JOVEN, INDIVIDUAL, FAMILIA &amp; AMIGOS: elige la f\u00f3rmula m\u00e1s adecuada para ti. &nbsp; &nbsp; &nbsp; &nbsp;<\/p>\n","protected":false},"author":1,"featured_media":23871,"parent":6141,"menu_order":0,"comment_status":"closed","ping_status":"closed","template":"page-membership.php","meta":[],"acf":[],"_links":{"self":[{"href":"https:\/\/colosseo.it\/es\/wp-json\/wp\/v2\/pages\/27219"}],"collection":[{"href":"https:\/\/colosseo.it\/es\/wp-json\/wp\/v2\/pages"}],"about":[{"href":"https:\/\/colosseo.it\/es\/wp-json\/wp\/v2\/types\/page"}],"author":[{"embeddable":true,"href":"https:\/\/colosseo.it\/es\/wp-json\/wp\/v2\/users\/1"}],"replies":[{"embeddable":true,"href":"https:\/\/colosseo.it\/es\/wp-json\/wp\/v2\/comments?post=27219"}],"version-history":[{"count":34,"href":"https:\/\/colosseo.it\/es\/wp-json\/wp\/v2\/pages\/27219\/revisions"}],"predecessor-version":[{"id":55146,"href":"https:\/\/colosseo.it\/es\/wp-json\/wp\/v2\/pages\/27219\/revisions\/55146"}],"up":[{"embeddable":true,"href":"https:\/\/colosseo.it\/es\/wp-json\/wp\/v2\/pages\/6141"}],"wp:featuredmedia":[{"embeddable":true,"href":"https:\/\/colosseo.it\/es\/wp-json\/wp\/v2\/media\/23871"}],"wp:attachment":[{"href":"https:\/\/colosseo.it\/es\/wp-json\/wp\/v2\/media?parent=27219"}],"curies":[{"name":"wp","href":"https:\/\/api.w.org\/{rel}","templated":true}]}}