	
    {"id":27221,"date":"2021-09-28T10:49:58","date_gmt":"2021-09-28T08:49:58","guid":{"rendered":"https:\/\/colosseo.it\/parco-green\/nuestros-gadgets-green\/"},"modified":"2021-09-28T14:42:21","modified_gmt":"2021-09-28T12:42:21","slug":"nuestros-gadgets-green","status":"publish","type":"page","link":"https:\/\/colosseo.it\/es\/parco-green\/nuestros-gadgets-green\/","title":{"rendered":"Nuestros gadgets Green"},"content":{"rendered":"<p>Trabajando en el proyecto \u00abParque Green\u00bb hemos dise\u00f1ado una l\u00ednea de gadgets espec\u00edficos, creada con materiales ecol\u00f3gicos y reciclables: bol\u00edgrafos, lapiceros, libretas y la postal para sembrar con semillas de manzanilla, y todo ello personalizado con nuestro logo.<\/p>\n<p>Los gadgets se distribuir\u00e1n entre el p\u00fablico durante los pr\u00f3ximos eventos que organizaremos en el mes de junio. \u00a1Os esperamos!<\/p>\n<p>&nbsp;<\/p>\n<p><img decoding=\"async\" loading=\"lazy\" class=\"size-large wp-image-23626 aligncenter\" src=\"https:\/\/colosseo.it\/sito\/wp-content\/uploads\/2021\/05\/IMG_4349-e1632832907779-1024x768.jpg\" alt=\"\" width=\"1024\" height=\"768\" srcset=\"https:\/\/colosseo.it\/sito\/wp-content\/uploads\/2021\/05\/IMG_4349-e1632832907779-1024x768.jpg 1024w, https:\/\/colosseo.it\/sito\/wp-content\/uploads\/2021\/05\/IMG_4349-e1632832907779-300x225.jpg 300w, https:\/\/colosseo.it\/sito\/wp-content\/uploads\/2021\/05\/IMG_4349-e1632832907779-768x576.jpg 768w, https:\/\/colosseo.it\/sito\/wp-content\/uploads\/2021\/05\/IMG_4349-e1632832907779-1536x1152.jpg 1536w, https:\/\/colosseo.it\/sito\/wp-content\/uploads\/2021\/05\/IMG_4349-e1632832907779-2048x1536.jpg 2048w, https:\/\/colosseo.it\/sito\/wp-content\/uploads\/2021\/05\/IMG_4349-e1632832907779-1333x1000.jpg 1333w, https:\/\/colosseo.it\/sito\/wp-content\/uploads\/2021\/05\/IMG_4349-e1632832907779-1920x1440.jpg 1920w\" sizes=\"(max-width: 1024px) 100vw, 1024px\" \/><br \/>\n&nbsp;<\/p>\n<p>&nbsp;<\/p>\n","protected":false},"excerpt":{"rendered":"<p>Trabajando en el proyecto \u00abParque Green\u00bb hemos dise\u00f1ado una l\u00ednea de gadgets espec\u00edficos, creada con materiales ecol\u00f3gicos y reciclables: bol\u00edgrafos, lapiceros, libretas y la postal para sembrar con semillas de manzanilla, y todo ello personalizado con nuestro logo. Los gadgets se distribuir\u00e1n entre el p\u00fablico durante los pr\u00f3ximos eventos que organizaremos en el mes de<a class=\"excerpt-read-more\" href=\"https:\/\/colosseo.it\/es\/parco-green\/nuestros-gadgets-green\/\" title=\"ReadNuestros gadgets Green\">&#8230; Read more &raquo;<\/a><\/p>\n","protected":false},"author":13,"featured_media":23626,"parent":27204,"menu_order":0,"comment_status":"closed","ping_status":"closed","template":"page-parco_green.php","meta":[],"acf":[],"_links":{"self":[{"href":"https:\/\/colosseo.it\/es\/wp-json\/wp\/v2\/pages\/27221"}],"collection":[{"href":"https:\/\/colosseo.it\/es\/wp-json\/wp\/v2\/pages"}],"about":[{"href":"https:\/\/colosseo.it\/es\/wp-json\/wp\/v2\/types\/page"}],"author":[{"embeddable":true,"href":"https:\/\/colosseo.it\/es\/wp-json\/wp\/v2\/users\/13"}],"replies":[{"embeddable":true,"href":"https:\/\/colosseo.it\/es\/wp-json\/wp\/v2\/comments?post=27221"}],"version-history":[{"count":2,"href":"https:\/\/colosseo.it\/es\/wp-json\/wp\/v2\/pages\/27221\/revisions"}],"predecessor-version":[{"id":27261,"href":"https:\/\/colosseo.it\/es\/wp-json\/wp\/v2\/pages\/27221\/revisions\/27261"}],"up":[{"embeddable":true,"href":"https:\/\/colosseo.it\/es\/wp-json\/wp\/v2\/pages\/27204"}],"wp:featuredmedia":[{"embeddable":true,"href":"https:\/\/colosseo.it\/es\/wp-json\/wp\/v2\/media\/23626"}],"wp:attachment":[{"href":"https:\/\/colosseo.it\/es\/wp-json\/wp\/v2\/media?parent=27221"}],"curies":[{"name":"wp","href":"https:\/\/api.w.org\/{rel}","templated":true}]}}