	
    {"id":39126,"date":"2024-02-27T16:50:10","date_gmt":"2024-02-27T15:50:10","guid":{"rendered":"https:\/\/colosseo.it\/?page_id=39126"},"modified":"2025-10-01T11:51:06","modified_gmt":"2025-10-01T09:51:06","slug":"faq-entradas","status":"publish","type":"page","link":"https:\/\/colosseo.it\/es\/faq-entradas\/","title":{"rendered":"FAQ &#8211; ENTRADAS"},"content":{"rendered":"<p><strong>\u00bfEs necesario imprimir la entrada comprada en l\u00ednea?<\/strong><br \/>\nNo es necesario, solo hay que mostrar el recibo en el tel\u00e9fono.<\/p>\n<p><strong>\u00bfQu\u00e9 sitios no se pueden visitar?<br \/>\n<\/strong>Domus Transitoria.<br \/>\nEn el sitio web y en los medios sociales se publicar\u00e1 la informaci\u00f3n actualizada sobre su reapertura.<\/p>\n<p><strong>\u00bfPor cu\u00e1ntas personas puede estar compuesto un grupo?<\/strong><br \/>\n25 personas, con el gu\u00eda tur\u00edstico incluido. A partir de 10 personas, el gu\u00eda tiene que utilizar los whisper.<\/p>\n<p><strong>\u00bfSe puede comprar una entrada acumulativa para un grupo?<br \/>\n<\/strong>No, solo es posible comprar entradas individuales.<br \/>\nPara los grupos, recomendamos reservar todas las entradas individuales en la misma franja horaria.<\/p>\n<p><strong>\u00bfC\u00f3mo se reserva la entrada gratuita?<br \/>\n<\/strong>Las entradas gratuitas no se reservan pero se pueden recoger en las taquillas.<br \/>\nEs necesario reservar las entradas de tipo 24h Only Arena y Full Experience.<br \/>\nConsultar la <a href=\"https:\/\/colosseo.it\/2024\/10\/biglietti-gratuiti\/\">p\u00e1gina dedicada a las entradas gratuitas<\/a><\/p>\n<p style=\"text-align: justify;\"><strong>\u00bfEs posible entrar con un perro de peque\u00f1o tama\u00f1o?<br \/>\n<\/strong>Es posible acceder a las \u00e1reas abiertas del Foro Romano y del Palatino con perros peque\u00f1os (de peso comprendido entre 5 kg y 10 kg). Se excluyen el Coliseo, la Domus Aurea y todas las \u00e1reas cerradas. Los perros se deben llevar en un transport\u00edn especial propiedad de los visitantes. No se permitir\u00e1 el acceso con cochecitos para perros.<br \/>\nLa entrada para los perros es gratuita y no prev\u00e9 ning\u00fan recargo.<br \/>\nSuperados los controles de seguridad, los perros deber\u00e1n permanecer en el transport\u00edn durante toda la visita.<br \/>\nSi se trata de perros terap\u00e9uticos o de asistencia para personas con discapacidad, se deber\u00e1 presentar la documentaci\u00f3n espec\u00edfica.<\/p>\n<p><strong>\u00bfEst\u00e1 prevista la entrada gratuita el primer domingo del mes?<br \/>\n<\/strong>S\u00ed. El Parque Arqueol\u00f3gico del Coliseo adhiere a la iniciativa con las siguientes opciones de visita:<br \/>\n&#8211;\u00a0Entrada Coliseo, Foro Romano, Palatino\u00a0para visitar en un \u00fanico recorrido de visita el Coliseo, el Foro Romano y el Palatino<br \/>\n&#8211;\u00a0Entrada Forum Pass\u00a0para visitar en un \u00fanico recorrido de visita los Foros Imperiales, el Foro Romano y el Palatino<br \/>\nLas entradas podr\u00e1n ser retiradas por orden de llegada en la taquilla de la plaza del Coliseo, junto al Templo de Venus y Roma, y en la taquilla de Largo della Salara Vecchia.<br \/>\nLos domingos gratuitos tambi\u00e9n podr\u00e1n retirar las entradas gratuitas en la taquilla, por orden de llegada, quienes posean la\u00a0Membership Card\u00a0y el Roma Pass.<\/p>\n<p><strong>\u00bfSe puede comprar la entrada en la taquilla?<\/strong><br \/>\n<a href=\"https:\/\/colosseo.it\/sito\/wp-content\/uploads\/2023\/11\/Biglietteria_Ticket-Office_Colosseum-scaled.jpg\">S\u00ed, encuentra aqu\u00ed la taquilla<\/a><\/p>\n<p><strong>\u00bfEs posible entrar en el Coliseo a un horario distinto del reservado?<\/strong><br \/>\nNo es posible.<\/p>\n<p><strong>\u00bfCu\u00e1nto tiempo puedo permanecer dentro del Coliseo?<\/strong><br \/>\nDependiendo del tipo de entrada, la estancia var\u00eda entre 75 y 90 minutos.<br \/>\nAl finalizar este periodo de tiempo, es necesario salir del monumento.<\/p>\n<p><strong>\u00bfEs posible reservar visitas guiadas?<\/strong><br \/>\nEs posible adquirir online y dentro del Coliseo<\/p>\n<p><a href=\"https:\/\/ticketing.colosseo.it\/es\/\"><strong>COMPRA TU ENTRADA<\/strong><\/a><\/p>\n","protected":false},"excerpt":{"rendered":"<p>\u00bfEs necesario imprimir la entrada comprada en l\u00ednea? No es necesario, solo hay que mostrar el recibo en el tel\u00e9fono. \u00bfQu\u00e9 sitios no se pueden visitar? Domus Transitoria. En el sitio web y en los medios sociales se publicar\u00e1 la informaci\u00f3n actualizada sobre su reapertura. \u00bfPor cu\u00e1ntas personas puede estar compuesto un grupo? 25 personas,<a class=\"excerpt-read-more\" href=\"https:\/\/colosseo.it\/es\/faq-entradas\/\" title=\"ReadFAQ &#8211; ENTRADAS\">&#8230; Read more &raquo;<\/a><\/p>\n","protected":false},"author":4,"featured_media":0,"parent":0,"menu_order":0,"comment_status":"closed","ping_status":"closed","template":"","meta":[],"acf":[],"_links":{"self":[{"href":"https:\/\/colosseo.it\/es\/wp-json\/wp\/v2\/pages\/39126"}],"collection":[{"href":"https:\/\/colosseo.it\/es\/wp-json\/wp\/v2\/pages"}],"about":[{"href":"https:\/\/colosseo.it\/es\/wp-json\/wp\/v2\/types\/page"}],"author":[{"embeddable":true,"href":"https:\/\/colosseo.it\/es\/wp-json\/wp\/v2\/users\/4"}],"replies":[{"embeddable":true,"href":"https:\/\/colosseo.it\/es\/wp-json\/wp\/v2\/comments?post=39126"}],"version-history":[{"count":6,"href":"https:\/\/colosseo.it\/es\/wp-json\/wp\/v2\/pages\/39126\/revisions"}],"predecessor-version":[{"id":52584,"href":"https:\/\/colosseo.it\/es\/wp-json\/wp\/v2\/pages\/39126\/revisions\/52584"}],"wp:attachment":[{"href":"https:\/\/colosseo.it\/es\/wp-json\/wp\/v2\/media?parent=39126"}],"curies":[{"name":"wp","href":"https:\/\/api.w.org\/{rel}","templated":true}]}}