	
    {"id":46284,"date":"2024-05-09T15:01:15","date_gmt":"2024-05-09T13:01:15","guid":{"rendered":"https:\/\/colosseo.it\/entrada-gratuita-al-parque-arqueolgico-del-coliseo-y-a-los-museos-italianos\/"},"modified":"2025-04-28T11:33:35","modified_gmt":"2025-04-28T09:33:35","slug":"entrada-gratuita-al-parque-arqueolgico-del-coliseo-y-a-los-museos-italianos","status":"publish","type":"page","link":"https:\/\/colosseo.it\/es\/entrada-gratuita-al-parque-arqueolgico-del-coliseo-y-a-los-museos-italianos\/","title":{"rendered":"Entrada gratuita al Parque Arqueol&oacute;gico del Coliseo y a los Museos italianos"},"content":{"rendered":"<p><b>AYUDAS PARA LA ENTRADA A LOS LUGARES DE LA CULTURA<\/b><\/p>\n<p style=\"text-align: justify;\"><strong>La entrada<\/strong>\u00a0a los museos, los monumentos, las galer\u00edas y las \u00e1reas arqueol\u00f3gicas del Estado es\u00a0<strong>gratuita<\/strong>\u00a0para los visitantes que a\u00fan no hayan cumplido los\u00a0<strong>dieciocho a\u00f1os de edad.<\/strong>\u00a0Los visitantes menores de 12 a\u00f1os deben ir acompa\u00f1ados. Asimismo, la entrada a los Archivos y las Bibliotecas es gratuita para\u00a0<strong>todos<\/strong>\u00a0los visitantes<br \/>\n<strong>Entrada gratuita de acuerdo con el\u00a0<a href=\"https:\/\/media.beniculturali.it\/mibac\/files\/boards\/be78e33bc8ca0c99bff70aa174035096\/PDF\/Agevolazioni\/DECRETO%2011%20dicembre%201997,%20n.%20507%20-%20Normattiva.pdf\" target=\"_blank\" rel=\"noopener\">DM 11 diciembre 1997, n.\u00ba 507<\/a> y s.m.i.:<\/strong><br \/>\n<strong>PARA ACCEDER AL PARQUE ARQUEOL\u00d3GICO DEL COLISEO, ES NECESARIO RESERVAR ENTRADAS GRATUITAS EN <a href=\"https:\/\/ticketing.colosseo.it\/es\">https:\/\/ticketing.colosseo.it\/es<\/a>, mediante presentaci\u00f3n de un documento que acredite una de las siguientes condiciones:<\/strong><\/p>\n<ul style=\"text-align: justify;\" type=\"disc\">\n<li>a los gu\u00edas tur\u00edsticos de la Uni\u00f3n Europea en el ejercicio de su actividad profesional, mediante la presentaci\u00f3n de una licencia v\u00e1lida expedida por la autoridad competente (<b><a href=\"https:\/\/media.beniculturali.it\/mibac\/files\/boards\/be78e33bc8ca0c99bff70aa174035096\/PDF\/Agevolazioni\/Circolare%2020-2016%20DG-MU.pdf\" target=\"_blank\" rel=\"noopener\">Circular 20-2016 DG-MU.pdf<\/a><\/b>);<\/li>\n<li>a los int\u00e9rpretes tur\u00edsticos de la Uni\u00f3n Europea cuando deban trabajar con el gu\u00eda tur\u00edstico, mediante la presentaci\u00f3n de una licencia v\u00e1lida expedida por la autoridad competente;<\/li>\n<li>al personal del ministerio;<\/li>\n<li>a los miembros del I.C.O.M.\u00a0<em>(International Council of Museums<\/em>);<\/li>\n<li>a los profesores y los estudiantes que est\u00e9n matriculados en las facultades de arquitectura, de conservaci\u00f3n de los bienes culturales, de ciencias de la formaci\u00f3n y en los cursos de grado en letras o materias literarias con especializaci\u00f3n en arqueolog\u00eda o historia art\u00edstica de las facultades de letras y filosof\u00eda, o en las facultades y los cursos correspondientes establecidos en los Estados miembros de la Uni\u00f3n Europea. La entrada gratuita se entrega a los estudiantes mediante la presentaci\u00f3n del certificado de matr\u00edcula para el a\u00f1o acad\u00e9mico en curso;<\/li>\n<li>\u00a0a los profesores y los estudiantes que est\u00e9n matriculados en las academias de bellas artes o en los institutos correspondientes de la Uni\u00f3n Europea. La entrada se entrega a los estudiantes mediante la presentaci\u00f3n del certificado de matr\u00edcula para el a\u00f1o acad\u00e9mico en curso;<\/li>\n<li>al personal docente de la escuela, de oficio o con contrato de duraci\u00f3n determinada, previa presentaci\u00f3n de una certificaci\u00f3n adecuada expedida por las instituciones educativas, seg\u00fan el modelo establecido por el\u00a0<b><a href=\"https:\/\/www.miur.gov.it\/-\/ingresso-gratuito-per-i-docenti-a-musei-aree-archeologiche-monumenti\" target=\"_blank\" rel=\"noopener\">MIUR<\/a><\/b>;<\/li>\n<li>a las personas con discapacidad y a un miembro de su familia u otro acompa\u00f1ante que demuestre su pertenencia a los servicios de asistencia social y sanitaria;<\/li>\n<li>los operadores de las asociaciones de voluntariado que realizan, de acuerdo con los convenios en vigor con el ministerio de conformidad con el art. 112, apartado 8, del C\u00f3digo del Patrimonio Cultural y del Paisaje, actividades de promoci\u00f3n y difusi\u00f3n del conocimiento del patrimonio cultural;<\/li>\n<\/ul>\n<p style=\"text-align: justify;\">previa solicitud:<\/p>\n<ul style=\"text-align: justify;\" type=\"disc\">\n<li>a grupos en general o grupos de estudiantes de las escuelas p\u00fablicas y privadas de la Uni\u00f3n Europea, acompa\u00f1ados por sus profesores, previa reserva y para el n\u00famero de plazas establecido por el director del instituto o del lugar cultural;<\/li>\n<li>por razones de estudio o de investigaci\u00f3n certificadas por instituciones escolares o universitarias, academias, institutos de investigaci\u00f3n y cultura italianos o extranjeros, as\u00ed como por \u00f3rganos del ministerio, o por exigencias particulares y motivadas, los directores de los institutos o de los lugares culturales podr\u00e1n permitir a las personas que lo soliciten la entrada gratuita por per\u00edodos determinados;<\/li>\n<li>por motivos de estudio o de investigaci\u00f3n certificados por instituciones escolares o universitarias, academias, institutos de investigaci\u00f3n y cultura italianos o extranjeros, as\u00ed como por \u00f3rganos del ministerio, o para necesidades especiales y justificadas, el director general de los museos podr\u00e1 expedir a personas individuales tarjetas de duraci\u00f3n anual de entrada gratuita a todos los institutos y lugares culturales, as\u00ed como identificar categor\u00edas de personas a las que se permita, durante determinados per\u00edodos,\u00a0la entrada gratuita a dichos lugares;<\/li>\n<\/ul>\n<p style=\"text-align: justify;\"><strong>Otras modalidades de acceso gratuito:<\/strong><\/p>\n<ul style=\"text-align: justify;\" type=\"disc\">\n<li>a los alumnos de los cursos de alta formaci\u00f3n de las Escuelas del Ministerio &#8211; Instituto Central para la Restauraci\u00f3n, F\u00e1brica de Piedras Duras, Escuela para la Restauraci\u00f3n del Mosaico &#8211; <em>(<b><a href=\"https:\/\/media.beniculturali.it\/mibac\/files\/boards\/be78e33bc8ca0c99bff70aa174035096\/PDF\/Agevolazioni\/lettera%20circolare%20%20prot.%202288%20del%2019-04-2001.pdf\" target=\"_blank\" rel=\"noopener\">letra circular prot. 2288 del 19-04-2001.pdf<\/a><\/b>);<\/em><\/li>\n<li>a los inspectores y conservadores honorarios del ministerio;<\/li>\n<li>a los ciudadanos de Noruega, Islandia, Liechtenstein y Suiza que participan en el Acuerdo sobre el Espacio Econ\u00f3mico Europeo (EEE), se aplicar\u00e1n las disposiciones sobre la entrada gratuita y facilitada previstas en el Decreto Ministerial del 20 de abril de 2006, n.\u00ba 239, art. 1, p\u00e1rr. 3, modificaci\u00f3n del D.M. 507\/1997 (<b><a href=\"https:\/\/media.beniculturali.it\/mibac\/files\/boards\/be78e33bc8ca0c99bff70aa174035096\/PDF\/Agevolazioni\/DM%2011%20dicembre%202007.pdf\" target=\"_blank\" rel=\"noopener\">DM 11 diciembre 2007.pdf<\/a>)<\/b>;<\/li>\n<li>a los Militares del N\u00facleo de Protecci\u00f3n del Patrimonio Cultural;<\/li>\n<li>a los miembros del I.C.C.R.O.M.;<\/li>\n<li>a los periodistas en regla con el pago de las cuotas asociativas, mediante la presentaci\u00f3n de un documento adecuado que acredite su actividad profesional (<em>ayuda concedida por un periodo de tres a\u00f1os &#8211;<\/em><em>\u00a0<\/em>\u00a0<b><a href=\"https:\/\/media.beniculturali.it\/mibac\/files\/boards\/be78e33bc8ca0c99bff70aa174035096\/PDF\/Agevolazioni\/DDG%20del%207-09-2022,%20n.%20951%20DG-Musei.pdf\" target=\"_blank\" rel=\"noopener\">DDG del 7-09-2022, n.\u00ba 951 DG-Museos.pdf<\/a><\/b>);<\/li>\n<\/ul>\n<p style=\"text-align: justify;\"><strong>Ayudas:<\/strong><\/p>\n<ul style=\"text-align: justify;\" type=\"disc\">\n<li>para los ciudadanos de la Uni\u00f3n Europea con edades comprendidas entre los 18 a\u00f1os y el d\u00eda en que cumplen los veinticinco a\u00f1os de edad, el importe de la entrada ser\u00e1 de <strong>2,00 euros<\/strong>. Las mismas ayudas se aplican a los ciudadanos de pa\u00edses que no forman parte de la Uni\u00f3n Europea, siempre que exista reciprocidad<em>\u00a0(<b><a href=\"https:\/\/media.beniculturali.it\/mibac\/files\/boards\/be78e33bc8ca0c99bff70aa174035096\/PDF\/Agevolazioni\/DECRETO%209%20gennaio%202019,%20n.%2013%20-%20Normattiva.pdf\" target=\"_blank\" rel=\"noopener\">DM 9-01-2019 n.\u00ba 13.pdf<\/a><\/b>);<\/em><\/li>\n<li>El ministerio participa en la iniciativa \u201c<strong><em>Bonus 18enni<\/em><\/strong>\u201d que permite a las personas con derecho a ello acceder a todos los lugares culturales estatales de pago, haciendo uso de los vales de gasto que se pueden generar mediante una aplicaci\u00f3n inform\u00e1tica (<em>www.18app.italia.it<\/em>) a partir del 1 de noviembre de 2016 (\u00a0<b><a href=\"https:\/\/media.beniculturali.it\/mibac\/files\/boards\/be78e33bc8ca0c99bff70aa174035096\/PDF\/Agevolazioni\/Circolare%2055_2016%20DG-MU.pdf\" target=\"_blank\" rel=\"noopener\">Circular 55_2016 DG-MU.pdf<\/a><\/b>\u00a0y\u00a0<b><a href=\"https:\/\/media.beniculturali.it\/mibac\/files\/boards\/be78e33bc8ca0c99bff70aa174035096\/PDF\/Agevolazioni\/Circolare%2067_2016%20DG-MU.pdf\" target=\"_blank\" rel=\"noopener\">Circular 67_2016 DG-MU.pdf<\/a><\/b>);<\/li>\n<li>El ministerio participa en la iniciativa\u00a0<em>\u201c<strong>Carta del Docente<\/strong><\/em>\u201d por lo que se refiere al acceso a los espacios en los que se organizan exposiciones, incluso temporales, con itinerario separado del itinerario ordinario de visita. Las personas con derecho a ello podr\u00e1n acceder a estos espacios de pago mediante el uso de los vales de gastos que se pueden generar mediante una aplicaci\u00f3n inform\u00e1tica<em>\u00a0(<b><a href=\"https:\/\/www.cartadeldocente.istruzione.it\/\" target=\"_blank\" rel=\"noopener\">cartadeldocente.istruzione.it<\/a><\/b>),\u00a0<\/em>activa a partir del 30 de noviembre de 2016 (<b><a href=\"https:\/\/media.beniculturali.it\/mibac\/files\/boards\/be78e33bc8ca0c99bff70aa174035096\/PDF\/Agevolazioni\/Circolare%2077-2016%20%20DG-MU.pdf\" target=\"_blank\" rel=\"noopener\">Circular 77-2016 DG-MU.pdf<\/a><\/b>).<\/li>\n<\/ul>\n<p style=\"text-align: justify;\"><strong>Entrada libre:<\/strong><\/p>\n<ul type=\"disc\">\n<li style=\"text-align: justify;\">Se permite la entrada libre con ocasi\u00f3n de acontecimientos particulares, tanto a nivel nacional como local, que se den a conocer a trav\u00e9s del sitio web del MiC;<\/li>\n<li style=\"text-align: justify;\">domingos gratuitos en el museo: cada primer domingo del mes;<\/li>\n<li>25 de abril de 2024, 2 de junio de 2024, 4 de noviembre de 2024<\/li>\n<\/ul>\n","protected":false},"excerpt":{"rendered":"<p>AYUDAS PARA LA ENTRADA A LOS LUGARES DE LA CULTURA La entrada\u00a0a los museos, los monumentos, las galer\u00edas y las \u00e1reas arqueol\u00f3gicas del Estado es\u00a0gratuita\u00a0para los visitantes que a\u00fan no hayan cumplido los\u00a0dieciocho a\u00f1os de edad.\u00a0Los visitantes menores de 12 a\u00f1os deben ir acompa\u00f1ados. Asimismo, la entrada a los Archivos y las Bibliotecas es gratuita<a class=\"excerpt-read-more\" href=\"https:\/\/colosseo.it\/es\/entrada-gratuita-al-parque-arqueolgico-del-coliseo-y-a-los-museos-italianos\/\" title=\"ReadEntrada gratuita al Parque Arqueol&oacute;gico del Coliseo y a los Museos italianos\">&#8230; Read more &raquo;<\/a><\/p>\n","protected":false},"author":19,"featured_media":0,"parent":0,"menu_order":0,"comment_status":"closed","ping_status":"closed","template":"","meta":[],"acf":[],"_links":{"self":[{"href":"https:\/\/colosseo.it\/es\/wp-json\/wp\/v2\/pages\/46284"}],"collection":[{"href":"https:\/\/colosseo.it\/es\/wp-json\/wp\/v2\/pages"}],"about":[{"href":"https:\/\/colosseo.it\/es\/wp-json\/wp\/v2\/types\/page"}],"author":[{"embeddable":true,"href":"https:\/\/colosseo.it\/es\/wp-json\/wp\/v2\/users\/19"}],"replies":[{"embeddable":true,"href":"https:\/\/colosseo.it\/es\/wp-json\/wp\/v2\/comments?post=46284"}],"version-history":[{"count":2,"href":"https:\/\/colosseo.it\/es\/wp-json\/wp\/v2\/pages\/46284\/revisions"}],"predecessor-version":[{"id":51235,"href":"https:\/\/colosseo.it\/es\/wp-json\/wp\/v2\/pages\/46284\/revisions\/51235"}],"wp:attachment":[{"href":"https:\/\/colosseo.it\/es\/wp-json\/wp\/v2\/media?parent=46284"}],"curies":[{"name":"wp","href":"https:\/\/api.w.org\/{rel}","templated":true}]}}