	
    {"id":6129,"date":"2019-09-17T11:28:57","date_gmt":"2019-09-17T09:28:57","guid":{"rendered":"https:\/\/colosseo.it\/el-parque-arqueolgico-del-coliseo\/"},"modified":"2020-02-26T11:00:28","modified_gmt":"2020-02-26T10:00:28","slug":"el-parque-arqueolgico-del-coliseo","status":"publish","type":"page","link":"https:\/\/colosseo.it\/es\/el-parque-arqueolgico-del-coliseo\/","title":{"rendered":"El Parque Arqueol&oacute;gico del Coliseo"},"content":{"rendered":"<h2>La historia del Parque<\/h2>\n<p>El Parque Arqueol\u00f3gico del Coliseo ha sido instituido con el <a href=\"http:\/\/www.beniculturali.it\/mibac\/export\/MiBAC\/sito-MiBAC\/Contenuti\/MibacUnif\/Comunicati\/visualizza_asset.html_207483080.html\" target=\"_blank\" rel=\"noopener\">DM n. 15 del 12 de enero de 2017<\/a>, con la finalidad de asignar a un instituto dotado de autonom\u00eda especial la tarea de proceder con la tutela y la mejora del \u00e1rea arqueol\u00f3gica central de Roma y de poner en pr\u00e1ctica el <a href=\"http:\/\/www.beniculturali.it\/mibac\/export\/MiBAC\/sito-MiBAC\/Contenuti\/MibacUnif\/Comunicati\/visualizza_asset.html_1335699613.html\" target=\"_blank\" rel=\"noopener\">acuerdo suscrito por el MiBACT y Roma Capital el 21 de abril de 2015<\/a>.<\/p>\n<p><a href=\"https:\/\/colosseo.it\/sito\/wp-content\/uploads\/2018\/12\/mappa_confini-1.pdf\" target=\"_blank\" rel=\"noopener\">El territorio de competencia del Parque<\/a> engloba tanto \u00e1reas y monumentos de competencia estatal directa (Coliseo, Domus Aurea, Arco de Constantino y Meta Sudans, Foro Romano y Palatino), tanto en consigna con Roma Capital (Circo M\u00e1ximo, Foros Imperiales), as\u00ed como el rico patrimonio eclesi\u00e1stico constituido por las iglesias que dan a la Via de los Foros Imperiales y a lo largo del Monte Palatino y sus laderas (como la Bas\u00edlica de los Santos Cosme y Dami\u00e1n, San Buenaventura y Santa Anastasia al Palatino), propiedad de varios organismos (Fondo de Edificios de Culto del Ministerio del Interior, Vicar\u00eda de Roma y otros).<\/p>\n<hr \/>\n<h2>La misi\u00f3n<\/h2>\n<h3>La misi\u00f3n del Parque Arqueol\u00f3gico del Coliseo se declina a trav\u00e9s de una educaci\u00f3n constante en la memoria, que tambi\u00e9n se expresa en la relaci\u00f3n con un p\u00fablico extremadamente variado y con el compromiso de establecer una relaci\u00f3n continua con las nuevas generaciones, transmitiendo las ra\u00edces de nuestra historia, tambi\u00e9n a trav\u00e9s de la conexi\u00f3n con todo el sistema cultural de Roma.<\/h3>\n<p>Para lograr estos objetivos, el Parque est\u00e1 comprometido con la protecci\u00f3n, conservaci\u00f3n, investigaci\u00f3n y mejora de su patrimonio arqueol\u00f3gico, monumental y paisaj\u00edstico.<\/p>\n<p>El esfuerzo para transmitir el conocimiento de los lugares al p\u00fablico tambi\u00e9n se lleva a cabo mediante el uso de nuevas tecnolog\u00edas digitales capaces de comunicar la compleja realidad del parque con un enfoque m\u00e1s comprensible e inmediato.<\/p>\n<p>La autonom\u00eda de gesti\u00f3n le permite al Parque un camino m\u00e1s directo con sus socios actuales y potenciales, tambi\u00e9n con el objetivo de representar, cada vez m\u00e1s, una fuerza impulsora para la econom\u00eda nacional y de la ciudad.<\/p>\n<hr \/>\n<h2>La governance<\/h2>\n<p><img decoding=\"async\" loading=\"lazy\" class=\"alignnone size-full wp-image-2457\" src=\"https:\/\/colosseo.it\/sito\/wp-content\/uploads\/2018\/12\/organigramma.jpg\" alt=\"\" width=\"1031\" height=\"708\" srcset=\"https:\/\/colosseo.it\/sito\/wp-content\/uploads\/2018\/12\/organigramma.jpg 1031w, https:\/\/colosseo.it\/sito\/wp-content\/uploads\/2018\/12\/organigramma-300x206.jpg 300w, https:\/\/colosseo.it\/sito\/wp-content\/uploads\/2018\/12\/organigramma-768x527.jpg 768w, https:\/\/colosseo.it\/sito\/wp-content\/uploads\/2018\/12\/organigramma-1024x703.jpg 1024w\" sizes=\"(max-width: 1031px) 100vw, 1031px\" \/><\/p>\n<p>&nbsp;<\/p>\n<hr \/>\n<p>Descarga la <strong>carta de los servicios<\/strong>:<br \/>\n<a class=\"button\" href=\"https:\/\/colosseo.it\/sito\/wp-content\/uploads\/2018\/11\/Colosseo_carta-dei-servizi.pdf\" target=\"_blank\" rel=\"noopener\">Coliseo<\/a><br \/>\n<a class=\"button\" href=\"https:\/\/colosseo.it\/sito\/wp-content\/uploads\/2018\/11\/Foro-Romano-Palatino.pdf\" target=\"_blank\" rel=\"noopener\">Foro Romano<\/a><\/p>\n","protected":false},"excerpt":{"rendered":"<p>La historia del Parque El Parque Arqueol\u00f3gico del Coliseo ha sido instituido con el DM n. 15 del 12 de enero de 2017, con la finalidad de asignar a un instituto dotado de autonom\u00eda especial la tarea de proceder con la tutela y la mejora del \u00e1rea arqueol\u00f3gica central de Roma y de poner en<a class=\"excerpt-read-more\" href=\"https:\/\/colosseo.it\/es\/el-parque-arqueolgico-del-coliseo\/\" title=\"ReadEl Parque Arqueol&oacute;gico del Coliseo\">&#8230; Read more &raquo;<\/a><\/p>\n","protected":false},"author":1,"featured_media":0,"parent":0,"menu_order":199,"comment_status":"closed","ping_status":"closed","template":"","meta":[],"acf":[],"_links":{"self":[{"href":"https:\/\/colosseo.it\/es\/wp-json\/wp\/v2\/pages\/6129"}],"collection":[{"href":"https:\/\/colosseo.it\/es\/wp-json\/wp\/v2\/pages"}],"about":[{"href":"https:\/\/colosseo.it\/es\/wp-json\/wp\/v2\/types\/page"}],"author":[{"embeddable":true,"href":"https:\/\/colosseo.it\/es\/wp-json\/wp\/v2\/users\/1"}],"replies":[{"embeddable":true,"href":"https:\/\/colosseo.it\/es\/wp-json\/wp\/v2\/comments?post=6129"}],"version-history":[{"count":4,"href":"https:\/\/colosseo.it\/es\/wp-json\/wp\/v2\/pages\/6129\/revisions"}],"predecessor-version":[{"id":12727,"href":"https:\/\/colosseo.it\/es\/wp-json\/wp\/v2\/pages\/6129\/revisions\/12727"}],"wp:attachment":[{"href":"https:\/\/colosseo.it\/es\/wp-json\/wp\/v2\/media?parent=6129"}],"curies":[{"name":"wp","href":"https:\/\/api.w.org\/{rel}","templated":true}]}}