	
    {"id":6141,"date":"2019-09-17T11:29:00","date_gmt":"2019-09-17T09:29:00","guid":{"rendered":"https:\/\/colosseo.it\/apoya-y-participa\/"},"modified":"2023-05-22T21:42:42","modified_gmt":"2023-05-22T19:42:42","slug":"apoya-y-participa","status":"publish","type":"page","link":"https:\/\/colosseo.it\/es\/apoya-y-participa\/","title":{"rendered":"Apoya y participa"},"content":{"rendered":"<h2><strong>Membres\u00eda<\/strong><\/h2>\n<p><img decoding=\"async\" loading=\"lazy\" class=\"alignleft size-medium wp-image-37196\" style=\"margin-bottom: 3.5rem;\" src=\"https:\/\/colosseo.it\/sito\/wp-content\/uploads\/2023\/02\/CARD-300x300.jpeg\" alt=\"\" width=\"171\" height=\"171\" srcset=\"https:\/\/colosseo.it\/sito\/wp-content\/uploads\/2023\/02\/CARD-300x300.jpeg 300w, https:\/\/colosseo.it\/sito\/wp-content\/uploads\/2023\/02\/CARD-150x150.jpeg 150w, https:\/\/colosseo.it\/sito\/wp-content\/uploads\/2023\/02\/CARD-768x768.jpeg 768w, https:\/\/colosseo.it\/sito\/wp-content\/uploads\/2023\/02\/CARD-125x125.jpeg 125w, https:\/\/colosseo.it\/sito\/wp-content\/uploads\/2023\/02\/CARD-600x600.jpeg 600w, https:\/\/colosseo.it\/sito\/wp-content\/uploads\/2023\/02\/CARD-380x380.jpeg 380w, https:\/\/colosseo.it\/sito\/wp-content\/uploads\/2023\/02\/CARD.jpeg 800w\" sizes=\"(max-width: 171px) 100vw, 171px\" \/>Hazte socio o realiza un regalo exclusivo: sum\u00e9rgete en la historia de Roma. La tarjeta de membres\u00eda te abrir\u00e1 este inmenso patrimonio involucr\u00e1ndote en las actividades del Parque: exposiciones, conferencias, encuentros, iniciativas especiales y mucho m\u00e1s.<br \/>\nContacta: <a href=\"pa-colosseo.membership@cultura.gov.it\">pa-colosseo.membership@<\/a><a href=\"mailto:pa-colosseo.fundraising@beniculturali.it\">cultura.gov.it<\/a><\/p>\n<p><a class=\"button\" href=\"https:\/\/colosseo.it\/sostieni-e-partecipa\/membership\/\" target=\"_blank\" rel=\"noopener\"><strong>DESCUBRE LA TARJETA DE MEMBRES\u00cdA<\/strong><\/a><\/p>\n<p>&nbsp;<\/p>\n<hr \/>\n<h2><\/h2>\n<h2><strong><img decoding=\"async\" loading=\"lazy\" class=\"wp-image-32438 alignleft\" src=\"https:\/\/colosseo.it\/sito\/wp-content\/uploads\/2023\/03\/DONA-300x300.jpeg\" alt=\"\" width=\"171\" height=\"171\" \/><\/strong>5 x 1000<\/h2>\n<p>En el <strong>formulario de la declaraci\u00f3n de impuestos<\/strong>, en el campo: \u201cElecci\u00f3n para el destino del impuesto sobre la renta <strong>cinco por mil<\/strong>\u201d firma en la casilla \u00abFinanciaci\u00f3n de las actividades de protecci\u00f3n, promoci\u00f3n y valorizaci\u00f3n de bienes culturales y paisaj\u00edsticos\u00bb e introduce el NIF del Parque Arqueol\u00f3gico del Coliseo:<strong>\u00a014490011005<\/strong><\/p>\n<p>Contacta: <a href=\"mailto:pa-colosseo.fundraising@cultura.gov.it\">pa-colosseo.fundraising@cultura.gov.it<\/a><\/p>\n<p>&nbsp;<\/p>\n<p>&nbsp;<\/p>\n<hr \/>\n<h2><strong>Apoya<\/strong><\/h2>\n<p>El parque es patrimonio de todos los ciudadanos del mundo. Tu apoyo es vital para mantener y mejorar su prestigioso patrimonio cultural y continuar comparti\u00e9ndolo: participa t\u00fa tambi\u00e9n.<br \/>\nContacta: <a href=\"pa-colosseo.fundraising@cultura.gov.it\">pa-colosseo.fundraising@<\/a><a href=\"mailto:pa-colosseo.fundraising@beniculturali.it\">cultura.gov.it<\/a><\/p>\n<ul>\n<li><strong>Patrocinios<br \/>\n<\/strong>Puedes adherir tu imagen a los valores del prestigioso patrimonio cultural del Parque a trav\u00e9s de un patrocinio t\u00e9cnico, financiero o mixto, dando una contribuci\u00f3n en dinero, en bienes o servicios en favor del proyecto o de la implementaci\u00f3n de iniciativas en el Parque en el campo de la protecci\u00f3n y la mejora del patrimonio cultural.<br \/>\nArt\u00edculo 120 del Decreto Legislativo del 22 de enero de 2004, n. 42 &#8211; art\u00edculos 19 y 151 del decreto legislativo del 18 de abril de 2016, n. 50 &#8211; Decreto Ministerial MiBACT del 19 de diciembre de 2012, Diario Oficial del 12 de marzo de 2013 N. 60.<\/li>\n<li><strong>Art Bonus<br \/>\n<\/strong>Puedes convertirte en patrocinador apoyando el patrimonio cultural del Parque y aprovechar los beneficios fiscales en forma de cr\u00e9dito fiscal con el Art Bonus. Introducido en 2014, permite a particulares, organizaciones o empresas hacer donaciones de dinero para apoyar los bienes culturales p\u00fablicos con una reducci\u00f3n de impuestos del 65%.<br \/>\nDecreto Legislativo 31.5.2014 n. 83, art.1<br \/>\n<a class=\"button\" href=\"https:\/\/artbonus.gov.it\/lista-interventi.html\" target=\"_blank\" rel=\"noopener\">Art Bonus<\/a><\/li>\n<\/ul>\n<hr \/>\n<h2><strong>Legados y donaciones<\/strong><\/h2>\n<p>Para garantizar la memoria y la identidad familiar, puedes convertirte en testigo del Parque donando parte de tu patrimonio, en dinero o en bienes muebles o inmuebles, incluso con un legado testamentario.<br \/>\nMant\u00e9n el recuerdo perpetuo de una persona querida, haz una donaci\u00f3n: su memoria vivir\u00e1 en el parque.<br \/>\n<a href=\"http:\/\/www.normattiva.it\/atto\/caricaDettaglioAtto?atto.dataPubblicazioneGazzetta=1990-11-27&amp;atto.codiceRedazionale=090G0384&amp;currentPage=1\" target=\"_blank\" rel=\"noopener\">Decreto legislativo del 31 de octubre de 1990 n. 346, art. 3 &#8211; art. 769 C\u00f3digo Civil<\/a><\/p>\n<p>&nbsp;<\/p>\n","protected":false},"excerpt":{"rendered":"<p>Membres\u00eda Hazte socio o realiza un regalo exclusivo: sum\u00e9rgete en la historia de Roma. La tarjeta de membres\u00eda te abrir\u00e1 este inmenso patrimonio involucr\u00e1ndote en las actividades del Parque: exposiciones, conferencias, encuentros, iniciativas especiales y mucho m\u00e1s. Contacta: pa-colosseo.membership@cultura.gov.it DESCUBRE LA TARJETA DE MEMBRES\u00cdA &nbsp; 5 x 1000 En el formulario de la declaraci\u00f3n de<a class=\"excerpt-read-more\" href=\"https:\/\/colosseo.it\/es\/apoya-y-participa\/\" title=\"ReadApoya y participa\">&#8230; Read more &raquo;<\/a><\/p>\n","protected":false},"author":1,"featured_media":0,"parent":0,"menu_order":45,"comment_status":"closed","ping_status":"closed","template":"","meta":[],"acf":[],"_links":{"self":[{"href":"https:\/\/colosseo.it\/es\/wp-json\/wp\/v2\/pages\/6141"}],"collection":[{"href":"https:\/\/colosseo.it\/es\/wp-json\/wp\/v2\/pages"}],"about":[{"href":"https:\/\/colosseo.it\/es\/wp-json\/wp\/v2\/types\/page"}],"author":[{"embeddable":true,"href":"https:\/\/colosseo.it\/es\/wp-json\/wp\/v2\/users\/1"}],"replies":[{"embeddable":true,"href":"https:\/\/colosseo.it\/es\/wp-json\/wp\/v2\/comments?post=6141"}],"version-history":[{"count":12,"href":"https:\/\/colosseo.it\/es\/wp-json\/wp\/v2\/pages\/6141\/revisions"}],"predecessor-version":[{"id":39133,"href":"https:\/\/colosseo.it\/es\/wp-json\/wp\/v2\/pages\/6141\/revisions\/39133"}],"wp:attachment":[{"href":"https:\/\/colosseo.it\/es\/wp-json\/wp\/v2\/media?parent=6141"}],"curies":[{"name":"wp","href":"https:\/\/api.w.org\/{rel}","templated":true}]}}