	
    {"id":6457,"date":"2019-09-17T11:31:04","date_gmt":"2019-09-17T09:31:04","guid":{"rendered":"https:\/\/colosseo.it\/crditos\/"},"modified":"2024-05-01T01:02:08","modified_gmt":"2024-04-30T23:02:08","slug":"crditos","status":"publish","type":"page","link":"https:\/\/colosseo.it\/es\/crditos\/","title":{"rendered":"Cr&eacute;ditos"},"content":{"rendered":"<p><strong><span class=\"s1\">Layout Design &amp; Web Development:<\/span><\/strong><span class=\"s2\"><br \/>\n<a href=\"http:\/\/www.amarantoweb.com\" target=\"_blank\" rel=\"noopener\">Amaranto<\/a><\/span><\/p>\n<hr \/>\n<p class=\"p1\"><span class=\"s1\"><strong>V\u00eddeo con dron:<\/strong><br \/>\n<\/span><span class=\"s1\">Asociaci\u00f3n A.S.S.O. o.n.l.u.s. &#8211;\u00a0<\/span><span lang=\"en\">reworking:\u00a0<\/span><span class=\"s1\">Mario Cristofaro<\/span><\/p>\n<p class=\"p1\"><span class=\"s1\"><strong>Archivo Fotogr\u00e1fico del Parque Arqueol\u00f3gico del Coliseo<\/strong><br \/>\n<\/span><\/p>\n<p class=\"p1\"><span class=\"s1\"><strong>Fotos:<br \/>\n<\/strong>Simona Murrone; Astrid D&#8217;Eredit\u00e0<br \/>\nLuigi Spina; Eugenio Monti; Andrea Jemolo<\/span><\/p>\n","protected":false},"excerpt":{"rendered":"<p>Layout Design &amp; Web Development: Amaranto V\u00eddeo con dron: Asociaci\u00f3n A.S.S.O. o.n.l.u.s. &#8211;\u00a0reworking:\u00a0Mario Cristofaro Archivo Fotogr\u00e1fico del Parque Arqueol\u00f3gico del Coliseo Fotos: Simona Murrone; Astrid D&#8217;Eredit\u00e0 Luigi Spina; Eugenio Monti; Andrea Jemolo<\/p>\n","protected":false},"author":1,"featured_media":0,"parent":0,"menu_order":233,"comment_status":"closed","ping_status":"closed","template":"","meta":[],"acf":[],"_links":{"self":[{"href":"https:\/\/colosseo.it\/es\/wp-json\/wp\/v2\/pages\/6457"}],"collection":[{"href":"https:\/\/colosseo.it\/es\/wp-json\/wp\/v2\/pages"}],"about":[{"href":"https:\/\/colosseo.it\/es\/wp-json\/wp\/v2\/types\/page"}],"author":[{"embeddable":true,"href":"https:\/\/colosseo.it\/es\/wp-json\/wp\/v2\/users\/1"}],"replies":[{"embeddable":true,"href":"https:\/\/colosseo.it\/es\/wp-json\/wp\/v2\/comments?post=6457"}],"version-history":[{"count":4,"href":"https:\/\/colosseo.it\/es\/wp-json\/wp\/v2\/pages\/6457\/revisions"}],"predecessor-version":[{"id":46013,"href":"https:\/\/colosseo.it\/es\/wp-json\/wp\/v2\/pages\/6457\/revisions\/46013"}],"wp:attachment":[{"href":"https:\/\/colosseo.it\/es\/wp-json\/wp\/v2\/media?parent=6457"}],"curies":[{"name":"wp","href":"https:\/\/api.w.org\/{rel}","templated":true}]}}