	
    {"id":6458,"date":"2019-09-17T11:31:04","date_gmt":"2019-09-17T09:31:04","guid":{"rendered":"https:\/\/colosseo.it\/educacin\/"},"modified":"2020-02-26T10:47:55","modified_gmt":"2020-02-26T09:47:55","slug":"educacin","status":"publish","type":"page","link":"https:\/\/colosseo.it\/es\/educacin\/","title":{"rendered":"Educaci&oacute;n"},"content":{"rendered":"<h2>El Servicio de Educaci\u00f3n, Did\u00e1ctica y Formaci\u00f3n del Parque Arqueol\u00f3gico del Coliseo promueve actividades de educaci\u00f3n, did\u00e1ctica y formaci\u00f3n y de difusi\u00f3n del conocimiento del patrimonio cultural, con una serie de acciones basadas en la relaci\u00f3n entre los monumentos arqueol\u00f3gicos y el p\u00fablico.<\/h2>\n<p>El objetivo principal es insistir en las expectativas del p\u00fablico, generando en el territorio consecuencias educativas y recuperando audiencias m\u00e1s j\u00f3venes, tanto como estudiantes de educaci\u00f3n obligatoria como ni\u00f1os dentro de familias que deben apropriar del espacio del Foro, el Palatino y el Coliseo, como lugares de ocio y conocimiento de la memoria del pasado. La mayor ambici\u00f3n es, por lo tanto, \u00abproducir cultura\u00bb, narrando la historia, los hombres, los acontecimientos de un lugar que en el transcurso de dos milenios ha representado la cuna de nuestra civilizaci\u00f3n.<\/p>\n<p>En l\u00ednea con la idea inicial de un parque accesible para todos, los servicios educativos activar\u00e1n itinerarios espec\u00edficos tambi\u00e9n para el p\u00fablico con discapacidades, teniendo cura de las necesidades de los visitantes con discapacidad visual (ya sea en edad escolar o adultos), de la comunidad con discapacidad auditiva y, finalmente, tambi\u00e9n de visitantes con discapacidades ps\u00edquicas y cognitivas, en la firme creencia de que la cultura, los bienes comunes y la belleza en sentido amplio pueden tener tanto un papel pedag\u00f3gico como psicol\u00f3gico en las personas.<\/p>\n<p><a class=\"button\" href=\"http:\/\/www.sed.beniculturali.it\/index.php?it\/449\/of-2018-2019-banca-dati\" target=\"_blank\" rel=\"noopener\"><strong>Descubre la oferta del Parque Arqueol\u00f3gico del Coliseo<\/strong><\/a><\/p>\n<hr \/>\n<h2><strong>ESCUELAS<\/strong><\/h2>\n<p><strong>Visitas<\/strong><br \/>\nLos Servicios Educativos del Parque ofrecen, de forma gratuita, rutas tem\u00e1ticas y de aprendizaje para las escuelas dentro de la Oferta Educativa prevista para cada a\u00f1o escolar.<\/p>\n<p><strong>Talleres<\/strong><br \/>\nProyectos espec\u00edficos de aprendizaje con actividades l\u00fadico-recreativas para la escuela infantil y primaria. Actividad prevista para el 2019.<\/p>\n<h3><strong>Proyectos de alternancia Escuela Trabajo\u00a0<\/strong><strong style=\"font-size: 16px;\">Destinatarios: <\/strong><span style=\"font-size: 16px;\">Escuela secundaria de I y II grado<\/span><\/h3>\n<p><strong>Actividades: <\/strong>con motivo de cada a\u00f1o escolar, el Parque Arqueol\u00f3gico del Coliseo tiene la intenci\u00f3n de ofrecer proyectos de educaci\u00f3n patrimonial a las escuelas de I y II grado sobre temas relacionados con las realidades arqueol\u00f3gicas, monumentales e hist\u00f3rico-art\u00edsticas del Parque, con el objetivo de hacer que los estudiantes sean \u00abciudadanos activos\u00bb y part\u00edcipes de la vida y gesti\u00f3n del patrimonio. Cada actividad implica la producci\u00f3n de materiales did\u00e1cticos, la creaci\u00f3n impresa y en formato multimedia de los productos de cada proyecto y como conclusi\u00f3n la presentaci\u00f3n de las actividades realizadas.<\/p>\n<p><strong><a class=\"button\" href=\"https:\/\/colosseo.it\/es\/proyectos-asl-ao-escolar-2017-2018\/\">Proyectos ASL a\u00f1o escolar 2017-2018<\/a><\/strong><\/p>\n<p><a class=\"button\" href=\"https:\/\/www.coopculture.it\/educational.cfm\" target=\"_blank\" rel=\"noopener\">Actividades educativas de pago<\/a><\/p>\n<hr \/>\n<h2><strong>FAMILIAS<\/strong><\/h2>\n<p><strong>Visitas<br \/>\n<\/strong>Rutas e itinerarios dise\u00f1ados para las necesidades de toda la unidad familiar.<\/p>\n<p><strong>Talleres<br \/>\n<\/strong>Actividades culturales y recreativas integradas que, a trav\u00e9s de una actividad manual o un juego, promueven el aprendizaje de uno o m\u00e1s aspectos de la cultura romana. Inicio de los actividades en 2019.<\/p>\n<p><strong>Proyectos especiales: <\/strong>Organizaci\u00f3n de eventos y d\u00edas dedicados a las familias, promoviendo de cuando en cuando el conocimiento de algunos monumentos o de un itinerario espec\u00edfico (por ejemplo, <strong>F@MU<\/strong>, D\u00eda Nacional de las \u00abFamilias en el Museo\u00bb).<\/p>\n<hr \/>\n<h2><strong>UNIVERSIDAD<\/strong><\/h2>\n<p><strong>Pr\u00e1cticas<br \/>\n<\/strong>Se ha activado en la plataforma Job Soul (<a href=\"http:\/\/www.jobsoul.it\" target=\"_blank\" rel=\"noopener\">www.jobsoul.it<\/a>), la posici\u00f3n de acreditaci\u00f3n del Parque en convenio con la Universidad \u00abSapienza\u00bb de Roma para acoger pr\u00e1cticas curriculares, de formaci\u00f3n y de orientaci\u00f3n. El proyecto de formaci\u00f3n se acordar\u00e1 peri\u00f3dicamente con el tutor del Instituto y el tutor de la universidad.<\/p>\n<p><strong>Proyectos<br \/>\n<\/strong>Activaci\u00f3n de colaboraciones con universidades e institutos de investigaci\u00f3n.<\/p>\n","protected":false},"excerpt":{"rendered":"<p>El Servicio de Educaci\u00f3n, Did\u00e1ctica y Formaci\u00f3n del Parque Arqueol\u00f3gico del Coliseo promueve actividades de educaci\u00f3n, did\u00e1ctica y formaci\u00f3n y de difusi\u00f3n del conocimiento del patrimonio cultural, con una serie de acciones basadas en la relaci\u00f3n entre los monumentos arqueol\u00f3gicos y el p\u00fablico. El objetivo principal es insistir en las expectativas del p\u00fablico, generando en<a class=\"excerpt-read-more\" href=\"https:\/\/colosseo.it\/es\/educacin\/\" title=\"ReadEducaci&oacute;n\">&#8230; Read more &raquo;<\/a><\/p>\n","protected":false},"author":1,"featured_media":0,"parent":0,"menu_order":49,"comment_status":"closed","ping_status":"closed","template":"","meta":[],"acf":[],"_links":{"self":[{"href":"https:\/\/colosseo.it\/es\/wp-json\/wp\/v2\/pages\/6458"}],"collection":[{"href":"https:\/\/colosseo.it\/es\/wp-json\/wp\/v2\/pages"}],"about":[{"href":"https:\/\/colosseo.it\/es\/wp-json\/wp\/v2\/types\/page"}],"author":[{"embeddable":true,"href":"https:\/\/colosseo.it\/es\/wp-json\/wp\/v2\/users\/1"}],"replies":[{"embeddable":true,"href":"https:\/\/colosseo.it\/es\/wp-json\/wp\/v2\/comments?post=6458"}],"version-history":[{"count":6,"href":"https:\/\/colosseo.it\/es\/wp-json\/wp\/v2\/pages\/6458\/revisions"}],"predecessor-version":[{"id":12723,"href":"https:\/\/colosseo.it\/es\/wp-json\/wp\/v2\/pages\/6458\/revisions\/12723"}],"wp:attachment":[{"href":"https:\/\/colosseo.it\/es\/wp-json\/wp\/v2\/media?parent=6458"}],"curies":[{"name":"wp","href":"https:\/\/api.w.org\/{rel}","templated":true}]}}