	
    {"id":7502,"date":"2019-10-04T10:55:50","date_gmt":"2019-10-04T08:55:50","guid":{"rendered":"https:\/\/colosseo.it\/prensa\/"},"modified":"2023-05-03T10:37:27","modified_gmt":"2023-05-03T08:37:27","slug":"prensa","status":"publish","type":"page","link":"https:\/\/colosseo.it\/es\/prensa\/","title":{"rendered":"Prensa"},"content":{"rendered":"<p><strong>Servicio de comunicaci\u00f3n, relaciones con el p\u00fablico, la prensa, las redes sociales y proyectos especiales<\/strong><\/p>\n<p><strong>Contacto<\/strong><br \/>\nParque Arqueol\u00f3gico del Coliseo,<br \/>\nPiazza Santa Maria Nova, 53<br \/>\n00186-Roma<br \/>\nTel. <a href=\"tel:+390669984443\">+39 06 69984443<\/a><br \/>\n<a href=\"mailto:pa-colosseo.ufficiostampa@cultura.gov.it\">pa-colosseo.ufficiostampa@cultura.gov.it<\/a><\/p>\n<p><strong>Directora:<\/strong> Federica Rinaldi<br \/>\n<strong>Personal<\/strong>: Francesca Boldrighini, Elisa Cella, Astrid D&#8217;Eredit\u00e0, Giulia Giovanetti, Giovanni Pellegrini Raho, Andrea Schiappelli<\/p>\n<p><a class=\"button\" href=\"https:\/\/colosseo.it\/press_kit\/\">Kit de prensa<\/a><\/p>\n","protected":false},"excerpt":{"rendered":"<p>Servicio de comunicaci\u00f3n, relaciones con el p\u00fablico, la prensa, las redes sociales y proyectos especiales Contacto Parque Arqueol\u00f3gico del Coliseo, Piazza Santa Maria Nova, 53 00186-Roma Tel. +39 06 69984443 pa-colosseo.ufficiostampa@cultura.gov.it Directora: Federica Rinaldi Personal: Francesca Boldrighini, Elisa Cella, Astrid D&#8217;Eredit\u00e0, Giulia Giovanetti, Giovanni Pellegrini Raho, Andrea Schiappelli Kit de prensa<\/p>\n","protected":false},"author":1,"featured_media":0,"parent":0,"menu_order":243,"comment_status":"closed","ping_status":"closed","template":"","meta":[],"acf":[],"_links":{"self":[{"href":"https:\/\/colosseo.it\/es\/wp-json\/wp\/v2\/pages\/7502"}],"collection":[{"href":"https:\/\/colosseo.it\/es\/wp-json\/wp\/v2\/pages"}],"about":[{"href":"https:\/\/colosseo.it\/es\/wp-json\/wp\/v2\/types\/page"}],"author":[{"embeddable":true,"href":"https:\/\/colosseo.it\/es\/wp-json\/wp\/v2\/users\/1"}],"replies":[{"embeddable":true,"href":"https:\/\/colosseo.it\/es\/wp-json\/wp\/v2\/comments?post=7502"}],"version-history":[{"count":6,"href":"https:\/\/colosseo.it\/es\/wp-json\/wp\/v2\/pages\/7502\/revisions"}],"predecessor-version":[{"id":38466,"href":"https:\/\/colosseo.it\/es\/wp-json\/wp\/v2\/pages\/7502\/revisions\/38466"}],"wp:attachment":[{"href":"https:\/\/colosseo.it\/es\/wp-json\/wp\/v2\/media?parent=7502"}],"curies":[{"name":"wp","href":"https:\/\/api.w.org\/{rel}","templated":true}]}}