	
    {"id":7561,"date":"2019-10-04T10:56:27","date_gmt":"2019-10-04T08:56:27","guid":{"rendered":"https:\/\/colosseo.it\/bsqueda\/oficina-de-restauracin\/"},"modified":"2020-02-26T12:02:30","modified_gmt":"2020-02-26T11:02:30","slug":"oficina-de-restauracin","status":"publish","type":"page","link":"https:\/\/colosseo.it\/es\/bsqueda\/oficina-de-restauracin\/","title":{"rendered":"Oficina de Restauraci&oacute;n"},"content":{"rendered":"<p>La Oficina de Restauraci\u00f3n procura suporte a la conservaci\u00f3n, el mantenimiento y la restauraci\u00f3n de las obras m\u00f3viles y de las superficies revestidas y decoradas en las diferentes fases de ejecuci\u00f3n de las intervenciones, previo acuerdo con los funcionarios arque\u00f3logos responsables.<\/p>\n<p>Concretamente, realiza estudios peri\u00f3dicos para verificar el estado de conservaci\u00f3n de los artefactos, as\u00ed como la elaboraci\u00f3n de informes de riesgos, de acuerdo con los responsables de los proyectos; prepara y elabora el archivo inform\u00e1tico de los artefactos; realiza operaciones de emergencia y\/o trabajos extraordinarios de mantenimiento; programa los trabajos de mantenimiento en funci\u00f3n de las prioridades; presta asistencia en la organizaci\u00f3n de exposiciones temporales en Roma y fuera de Roma; redacta las fichas t\u00e9cnicas de conservaci\u00f3n y manipulaci\u00f3n y los informes sobre el estado de conservaci\u00f3n; presta asistencia en el embalaje, la manipulaci\u00f3n y la exposici\u00f3n de las obras; participa en proyectos de restauraci\u00f3n y mantenimiento, an\u00e1lisis de los trabajos y c\u00e1lculo de los costes correspondientes.<\/p>\n","protected":false},"excerpt":{"rendered":"<p>La Oficina de Restauraci\u00f3n procura suporte a la conservaci\u00f3n, el mantenimiento y la restauraci\u00f3n de las obras m\u00f3viles y de las superficies revestidas y decoradas en las diferentes fases de ejecuci\u00f3n de las intervenciones, previo acuerdo con los funcionarios arque\u00f3logos responsables. Concretamente, realiza estudios peri\u00f3dicos para verificar el estado de conservaci\u00f3n de los artefactos, as\u00ed<a class=\"excerpt-read-more\" href=\"https:\/\/colosseo.it\/es\/bsqueda\/oficina-de-restauracin\/\" title=\"ReadOficina de Restauraci&oacute;n\">&#8230; Read more &raquo;<\/a><\/p>\n","protected":false},"author":1,"featured_media":0,"parent":6452,"menu_order":80,"comment_status":"closed","ping_status":"closed","template":"page-nav.php","meta":[],"acf":[],"_links":{"self":[{"href":"https:\/\/colosseo.it\/es\/wp-json\/wp\/v2\/pages\/7561"}],"collection":[{"href":"https:\/\/colosseo.it\/es\/wp-json\/wp\/v2\/pages"}],"about":[{"href":"https:\/\/colosseo.it\/es\/wp-json\/wp\/v2\/types\/page"}],"author":[{"embeddable":true,"href":"https:\/\/colosseo.it\/es\/wp-json\/wp\/v2\/users\/1"}],"replies":[{"embeddable":true,"href":"https:\/\/colosseo.it\/es\/wp-json\/wp\/v2\/comments?post=7561"}],"version-history":[{"count":3,"href":"https:\/\/colosseo.it\/es\/wp-json\/wp\/v2\/pages\/7561\/revisions"}],"predecessor-version":[{"id":12737,"href":"https:\/\/colosseo.it\/es\/wp-json\/wp\/v2\/pages\/7561\/revisions\/12737"}],"up":[{"embeddable":true,"href":"https:\/\/colosseo.it\/es\/wp-json\/wp\/v2\/pages\/6452"}],"wp:attachment":[{"href":"https:\/\/colosseo.it\/es\/wp-json\/wp\/v2\/media?parent=7561"}],"curies":[{"name":"wp","href":"https:\/\/api.w.org\/{rel}","templated":true}]}}