	
    {"id":7576,"date":"2019-10-04T10:56:35","date_gmt":"2019-10-04T08:56:35","guid":{"rendered":"https:\/\/colosseo.it\/bsqueda\/archivo-histrico-del-parque-arqueolgico-del-coliseo\/"},"modified":"2024-07-11T10:37:44","modified_gmt":"2024-07-11T08:37:44","slug":"archivo-historico-del-parque-arqueologico-del-coliseo","status":"publish","type":"page","link":"https:\/\/colosseo.it\/es\/bsqueda\/archivo-historico-del-parque-arqueologico-del-coliseo\/","title":{"rendered":"Archivo hist&oacute;rico del Parque Arqueol&oacute;gico del Coliseo"},"content":{"rendered":"<p style=\"text-align: justify;\">El edificio donde se ubica el archivo hist\u00f3rico del Parque Arqueol\u00f3gico del Coliseo ocupa parte del convento de la Bas\u00edlica de los santos Cosme y Dami\u00e1n. En 1870, con la unificaci\u00f3n de Italia, algunos espacios del convento fueron expropiados y asignados al Ministerio de Educaci\u00f3n.<\/p>\n<p style=\"text-align: justify;\">En 1913 se estableci\u00f3 all\u00ed el nuevo Laboratorio Fotogr\u00e1fico de la Oficina T\u00e9cnica de los Monumentos de Roma. El Laboratorio Fotogr\u00e1fico, denominado desde 1923 Gabinete Nacional de Fotograf\u00eda por su actividad de documentaci\u00f3n del patrimonio cultural nacional, continu\u00f3 sus actividades en la sede de Via Miranda hasta 1990, momento en que fue trasladado a las instalaciones de San Michele. El edificio fue entonces asignado a la antigua Superintendencia Arqueol\u00f3gica de Roma. En 2016 se estableci\u00f3 el Archivo del Foro Palatino Romano, ahora archivo del Parque Arqueol\u00f3gico del Coliseo, establecido en 2018.<\/p>\n<h3 style=\"text-align: justify;\"><strong>Actividades de dep\u00f3sito y archivo<\/strong><\/h3>\n<p style=\"text-align: justify;\">A 10 de enero de 2018, se hab\u00edan archivado un total de 2651 documentos en 422 carpetas, con una extensi\u00f3n aproximada de 70 metros lineales.<\/p>\n<h3 style=\"text-align: justify;\"><strong>Contenido de los documentos<\/strong><\/h3>\n<p style=\"text-align: justify;\">El material archivado est\u00e1 estrechamente relacionado con el trabajo de protecci\u00f3n y mejora realizados en nombre de la Entidad (bajo las diferentes denominaciones S.A.R., S.S.B.A.R., S.S.S.COL.) entre finales de los a\u00f1os setenta y la actualidad. La mayor parte del material archivado (alrededor del 75 %) se refiere a contextos y complejos monumentales que actualmente pertenecen al Parque Arqueol\u00f3gico del Coliseo, mientras que el 25 % restante se refiere a complejos y \u00e1reas que actualmente pertenecen al M.N.R. y al S.S.A.B.A.P.<\/p>\n<h3 style=\"text-align: justify;\"><strong>Observaciones sobre el registro y la gesti\u00f3n de los datos<\/strong><\/h3>\n<p style=\"text-align: justify;\">Para facilitar su consulta, los expedientes se han archivado utilizando un modelo informatizado de archivo y gesti\u00f3n de datos ya en uso en el archivo del Palacio Altemps.<\/p>\n<h2 style=\"text-align: justify;\"><strong>Informaci\u00f3n<\/strong><\/h2>\n<p style=\"text-align: justify;\">El archivo, situado en Via Miranda 5,\u00a0est\u00e1 abierto a la consulta <strong>los lunes, martes y miercoles de 9.30 a 16.00 horas<\/strong>.<br \/>\nLas solicitudes de consulta pueden enviarse a\u00a0<a href=\"https:\/\/colosseo.it\/ricerca\/archivio-storico-del-parco-archeologico-del-colosseo\/pa-colosseo.beniarchivistici@cultura.gov.it\">pa-colosseo.beniarchivistici@cultura.gov.it<\/a>.<\/p>\n<p>&nbsp;<\/p>\n<p>&nbsp;<\/p>\n","protected":false},"excerpt":{"rendered":"<p>El edificio donde se ubica el archivo hist\u00f3rico del Parque Arqueol\u00f3gico del Coliseo ocupa parte del convento de la Bas\u00edlica de los santos Cosme y Dami\u00e1n. En 1870, con la unificaci\u00f3n de Italia, algunos espacios del convento fueron expropiados y asignados al Ministerio de Educaci\u00f3n. En 1913 se estableci\u00f3 all\u00ed el nuevo Laboratorio Fotogr\u00e1fico de<a class=\"excerpt-read-more\" href=\"https:\/\/colosseo.it\/es\/bsqueda\/archivo-historico-del-parque-arqueologico-del-coliseo\/\" title=\"ReadArchivo hist&oacute;rico del Parque Arqueol&oacute;gico del Coliseo\">&#8230; Read more &raquo;<\/a><\/p>\n","protected":false},"author":1,"featured_media":31549,"parent":6452,"menu_order":58,"comment_status":"closed","ping_status":"closed","template":"","meta":[],"acf":[],"_links":{"self":[{"href":"https:\/\/colosseo.it\/es\/wp-json\/wp\/v2\/pages\/7576"}],"collection":[{"href":"https:\/\/colosseo.it\/es\/wp-json\/wp\/v2\/pages"}],"about":[{"href":"https:\/\/colosseo.it\/es\/wp-json\/wp\/v2\/types\/page"}],"author":[{"embeddable":true,"href":"https:\/\/colosseo.it\/es\/wp-json\/wp\/v2\/users\/1"}],"replies":[{"embeddable":true,"href":"https:\/\/colosseo.it\/es\/wp-json\/wp\/v2\/comments?post=7576"}],"version-history":[{"count":7,"href":"https:\/\/colosseo.it\/es\/wp-json\/wp\/v2\/pages\/7576\/revisions"}],"predecessor-version":[{"id":47147,"href":"https:\/\/colosseo.it\/es\/wp-json\/wp\/v2\/pages\/7576\/revisions\/47147"}],"up":[{"embeddable":true,"href":"https:\/\/colosseo.it\/es\/wp-json\/wp\/v2\/pages\/6452"}],"wp:featuredmedia":[{"embeddable":true,"href":"https:\/\/colosseo.it\/es\/wp-json\/wp\/v2\/media\/31549"}],"wp:attachment":[{"href":"https:\/\/colosseo.it\/es\/wp-json\/wp\/v2\/media?parent=7576"}],"curies":[{"name":"wp","href":"https:\/\/api.w.org\/{rel}","templated":true}]}}