	
    {"id":7606,"date":"2019-10-04T10:56:44","date_gmt":"2019-10-04T08:56:44","guid":{"rendered":"https:\/\/colosseo.it\/bsqueda\/biblioteca-foro-romano-palatino\/"},"modified":"2023-07-14T12:31:27","modified_gmt":"2023-07-14T10:31:27","slug":"biblioteca-foro-romano-palatino","status":"publish","type":"page","link":"https:\/\/colosseo.it\/es\/bsqueda\/biblioteca-foro-romano-palatino\/","title":{"rendered":"Biblioteca Foro Romano-Palatino"},"content":{"rendered":"<p>La Biblioteca Foro Romano-Palatino (Biblioteca Palatina) fue fundada por Giacomo Boni, quien, al convertirse en director de excavaciones en el Foro Romano, quiso acompa\u00f1ar las investigaciones arqueol\u00f3gicas que emprendi\u00f3 a partir de 1898 con la creaci\u00f3n de un museo y una biblioteca. El n\u00facleo original de la Biblioteca se compon\u00eda de vol\u00famenes publicados entre los siglos XVI y XIX y ten\u00edan como objeto el estudio de antig\u00fcedades romanas y ediciones cr\u00edticas de autores latinos y griegos, fundamentales para el conocimiento del mundo antiguo. A ellos se a\u00f1adieron los tratados contempor\u00e1neos m\u00e1s importantes sobre historia, antropolog\u00eda, historia de las religiones, topograf\u00eda, arqueolog\u00eda y epigraf\u00eda griega y romana, as\u00ed como una amplia colecci\u00f3n de publicaciones peri\u00f3dicas y una notable colecci\u00f3n gr\u00e1fica y fotograf\u00edas de temas arqueol\u00f3gicos. El resultado fue una correspondencia excepcional entre textos escritos y material gr\u00e1fico, cartogr\u00e1fico y fotogr\u00e1fico que enriqueci\u00f3 el centro de investigaci\u00f3n y estudio del Foro Romano.<\/p>\n<p>A lo largo de los a\u00f1os, el trabajo para aumentar el fondo bibliogr\u00e1fico de la Biblioteca ha continuado a trav\u00e9s de compras, donaciones e intercambios, de modo que de los 1000 vol\u00famenes iniciales, reconocibles por los ex libris de Giacomo Boni y las notas de posesi\u00f3n (firmas, acr\u00f3nimos, sellos, dedicatorias), se ha pasado a los 30 000 vol\u00famenes actuales.<\/p>\n<p>La Biblioteca se encuentra actualmente en el Museo Nacional Romano-Museo Palazzo Altemps, sita en Piazza S. Apollinare 46, 00186.<\/p>\n<p>&nbsp;<\/p>\n<h2><strong>INFORMACI\u00d3N Y NORMAS<\/strong><\/h2>\n<h3><strong>Acceso a la Biblioteca Foro Romano-Palatino<\/strong><\/h3>\n<p>Actualmente, las colecciones de la Biblioteca se pueden consultar en las salas del <strong>Museo Nazionale Romano, Palazzo Altemps<\/strong>.<br \/>\nPara utilizar la biblioteca, los solicitantes deben concertar una cita enviando una solicitud a la direcci\u00f3n <a href=\"mailto:pa-colosseo.biblioteca@cultura.gov.it\">pa-colosseo.biblioteca@cultura.gov.it<\/a><\/p>\n<p>Responsable: Dra. Donatella Garritano<\/p>\n<p>La Biblioteca se reserva el derecho de comunicar cualquier cambio en el horario.<\/p>\n<h3><strong>Reglas<\/strong><\/h3>\n<p>Los usuarios externos deben registrarse y firmar el registro de entrada en la sala de consulta.<\/p>\n<p>Se pueden dejar un m\u00e1ximo de cinco vol\u00famenes en las mesas para su consulta durante un m\u00e1ximo de dos semanas.<\/p>\n<p>Se permite la introducci\u00f3n de ordenadores y c\u00e1maras en las salas de la biblioteca para la reproducci\u00f3n de textos.<\/p>\n<p>Los usuarios pueden introducir, previa autorizaci\u00f3n, vol\u00famenes o fotocopias propias para la consulta de los documentos que obran en poder de la biblioteca, si resultara necesario.<\/p>\n<h3><strong>Consulta<\/strong><\/h3>\n<p>No est\u00e1 permitido retirar los vol\u00famenes de los armarios por cuenta de los usuarios.<\/p>\n<p>Para solicitar un volumen, los usuarios deber\u00e1n rellenar el formulario facilitado. Los vol\u00famenes que se entreguen al usuario quedar\u00e1n anotados en el registro y requerir\u00e1n su firma para su pr\u00e9stamo y devoluci\u00f3n.<\/p>\n<p>El personal de la Biblioteca tiene autoridad para realizar inspecciones y comprobaciones de los materiales que poseen los investigadores.<\/p>\n<p>Los investigadores deben respetar la condici\u00f3n y la integridad de los documentos que se entregan para su consulta.<\/p>\n<h3><strong>Reproducciones<\/strong><\/h3>\n<p>La Biblioteca no dispone actualmente de Oficina de Reprograf\u00eda. Cualquier solicitud de reproducci\u00f3n realizada por medios propios (c\u00e1maras, esc\u00e1neres) debe ser autorizada previamente.<\/p>\n<h3><strong>Comportamiento y sanciones<\/strong><\/h3>\n<p>Los usuarios deber\u00e1n respetar las disposiciones legislativas aplicables, especialmente las relativas al uso de los lugares p\u00fablicos y las declaraciones falsas, as\u00ed como el presente Reglamento.<\/p>\n<p>Quien contravenga estas normas, sin perjuicio de cualquier responsabilidad civil o penal, podr\u00e1 ser expulsado temporal o permanentemente de la Biblioteca. En particular, los culpables de robo, deterioro o da\u00f1os de cualquier tipo al patrimonio del Parque Arqueol\u00f3gico del Coliseo ser\u00e1n expulsados de la Biblioteca, remitidos a la autoridad judicial y denunciados a la autoridad ministerial superior competente. Del mismo modo, tambi\u00e9n podr\u00e1 ser expulsado cualquier persona que firme o escriba, incluso con l\u00e1piz, en libros y documentos o que perturbe de cualquier forma la actividad de estudio y trabajo. En todos los casos anteriores, no se ver\u00e1 afectada la obligatoriedad de la reparaci\u00f3n material de los da\u00f1os causados.<\/p>\n","protected":false},"excerpt":{"rendered":"<p>La Biblioteca Foro Romano-Palatino (Biblioteca Palatina) fue fundada por Giacomo Boni, quien, al convertirse en director de excavaciones en el Foro Romano, quiso acompa\u00f1ar las investigaciones arqueol\u00f3gicas que emprendi\u00f3 a partir de 1898 con la creaci\u00f3n de un museo y una biblioteca. El n\u00facleo original de la Biblioteca se compon\u00eda de vol\u00famenes publicados entre los<a class=\"excerpt-read-more\" href=\"https:\/\/colosseo.it\/es\/bsqueda\/biblioteca-foro-romano-palatino\/\" title=\"ReadBiblioteca Foro Romano-Palatino\">&#8230; Read more &raquo;<\/a><\/p>\n","protected":false},"author":1,"featured_media":0,"parent":6452,"menu_order":64,"comment_status":"closed","ping_status":"closed","template":"","meta":[],"acf":[],"_links":{"self":[{"href":"https:\/\/colosseo.it\/es\/wp-json\/wp\/v2\/pages\/7606"}],"collection":[{"href":"https:\/\/colosseo.it\/es\/wp-json\/wp\/v2\/pages"}],"about":[{"href":"https:\/\/colosseo.it\/es\/wp-json\/wp\/v2\/types\/page"}],"author":[{"embeddable":true,"href":"https:\/\/colosseo.it\/es\/wp-json\/wp\/v2\/users\/1"}],"replies":[{"embeddable":true,"href":"https:\/\/colosseo.it\/es\/wp-json\/wp\/v2\/comments?post=7606"}],"version-history":[{"count":6,"href":"https:\/\/colosseo.it\/es\/wp-json\/wp\/v2\/pages\/7606\/revisions"}],"predecessor-version":[{"id":40616,"href":"https:\/\/colosseo.it\/es\/wp-json\/wp\/v2\/pages\/7606\/revisions\/40616"}],"up":[{"embeddable":true,"href":"https:\/\/colosseo.it\/es\/wp-json\/wp\/v2\/pages\/6452"}],"wp:attachment":[{"href":"https:\/\/colosseo.it\/es\/wp-json\/wp\/v2\/media?parent=7606"}],"curies":[{"name":"wp","href":"https:\/\/api.w.org\/{rel}","templated":true}]}}