	
    {"id":7617,"date":"2019-10-04T10:56:56","date_gmt":"2019-10-04T08:56:56","guid":{"rendered":"https:\/\/colosseo.it\/bsqueda\/servicio-de-catlogo-reliquias-mviles-y-depsitos\/"},"modified":"2020-02-26T11:58:24","modified_gmt":"2020-02-26T10:58:24","slug":"servicio-de-catlogo-reliquias-mviles-y-depsitos","status":"publish","type":"page","link":"https:\/\/colosseo.it\/es\/bsqueda\/servicio-de-catlogo-reliquias-mviles-y-depsitos\/","title":{"rendered":"Servicio de Cat&aacute;logo, Reliquias M&oacute;viles y Dep&oacute;sitos"},"content":{"rendered":"<p>El Servicio de Cat\u00e1logo, Reliquias M\u00f3viles y Dep\u00f3sitos desempe\u00f1a funciones y trabajos de inventario y catalogaci\u00f3n del patrimonio hist\u00f3rico-arqueol\u00f3gico e hist\u00f3rico-art\u00edstico del Parque Arqueol\u00f3gico del Coliseo, y coordina su desarrollo en funci\u00f3n de los objetivos y estrategias que persigue el propio Parque y las pol\u00edticas ministeriales.<\/p>\n<p>El Servicio se ocupa particularmente de:<\/p>\n<ul>\n<li>garantizar el inventario y la catalogaci\u00f3n de los bienes arqueol\u00f3gicos, hist\u00f3ricos y art\u00edsticos del Parque, tanto los ya disponibles como los derivados de nuevas excavaciones y estudios realizados en la zona del Parque;<\/li>\n<li>la gesti\u00f3n del sistema inform\u00e1tico de registro de los restos arqueol\u00f3gicos y de las obras de arte y del Archivo Hist\u00f3rico-Cient\u00edfico de Inventario y Cat\u00e1logo;<\/li>\n<li>planificar las actividades de protecci\u00f3n, conservaci\u00f3n y ampliaci\u00f3n del Archivo Hist\u00f3rico-Cient\u00edfico de Inventario y Cat\u00e1logo;<\/li>\n<li>mantener relaciones con el Instituto Central de Cat\u00e1logo y Documentaci\u00f3n;<\/li>\n<li>proporcionar informaci\u00f3n econ\u00f3mica sobre los bienes muebles inventariados (modelo 15);<\/li>\n<li>garantizar la consulta de las fichas de inventario y de cat\u00e1logo por parte de investigadores de universidades italianas y extranjeras y\/o de institutos culturales italianos y extranjeros;<\/li>\n<li>garantizar la protecci\u00f3n, conservaci\u00f3n y valorizaci\u00f3n de los bienes muebles expuestos al p\u00fablico, almacenados en dep\u00f3sitos\/almacenes y en los espacios abiertos del Parque;<\/li>\n<li>llevar a cabo proyectos de adaptaci\u00f3n funcional, renovaci\u00f3n, restauraci\u00f3n y acondicionamiento de los espacios utilizados como almacenamiento\/dep\u00f3sito en estrecha colaboraci\u00f3n con los funcionarios responsables de estos emplazamientos;<\/li>\n<li>colaborar en la realizaci\u00f3n de exposiciones y eventos;<\/li>\n<li>preparar la investigaci\u00f3n preliminar de los pr\u00e9stamos de los bienes muebles del Parque;<\/li>\n<li>preparar los documentos para acuerdos\/convenios con universidades italianas y extranjeras y\/o institutos culturales italianos y extranjeros para el estudio de los hallazgos m\u00f3viles del Parque;<\/li>\n<li>preparar los procedimientos y los documentos necesarios para el pr\u00e9stamo de bienes muebles destinados a exposiciones y eventos de alto valor cient\u00edfico en Italia y\/o en el extranjero.<\/li>\n<\/ul>\n<p>&nbsp;<\/p>\n<p>Para aumentar el conocimiento, la protecci\u00f3n y la valorizaci\u00f3n del patrimonio arqueol\u00f3gico del Parque, se han previsto campa\u00f1as de inventario y catalogaci\u00f3n de los hallazgos arqueol\u00f3gicos de acuerdo con las directrices del Instituto Central de Catalogaci\u00f3n y Documentaci\u00f3n. La informaci\u00f3n sobre los hallazgos, conservada en los Archivos Hist\u00f3rico-Cient\u00edficos, se gestionar\u00e1 mediante un sistema de acceso abierto que se est\u00e1 perfeccionando. Al interactuar con los datos y compararlos, se restablecer\u00e1 el estrecho v\u00ednculo entre los monumentos\/contextos y los hallazgos relacionados. La digitalizaci\u00f3n de los datos permitir\u00e1 rastrear el historial completo de cada pieza, desde su recuperaci\u00f3n hasta su restauraci\u00f3n, promoviendo tambi\u00e9n la difusi\u00f3n del patrimonio m\u00f3vil del Parque a trav\u00e9s de exposiciones en Italia y en el extranjero.<\/p>\n<p>Como parte de este trabajo se prev\u00e9, gracias a un programa anual de almacenamiento y georreferenciaci\u00f3n de sus contenidos, el inicio de una actividad de estudio y publicaci\u00f3n de datos cient\u00edficos de los activos m\u00f3viles del Parque, incluyendo la participaci\u00f3n de institutos y universidades italianas y extranjeras.<\/p>\n<p>Con el fin de dar a conocer al p\u00fablico el extraordinario patrimonio cultural del Parque, tambi\u00e9n se han previsto integrar una serie de recorridos que revelar\u00e1n los tesoros escondidos del Parque, potenciar\u00e1n las actividades de conservaci\u00f3n y permitir\u00e1n al visitante descubrir el camino cultural que hay detr\u00e1s de cada uno de los hallazgos.<\/p>\n","protected":false},"excerpt":{"rendered":"<p>El Servicio de Cat\u00e1logo, Reliquias M\u00f3viles y Dep\u00f3sitos desempe\u00f1a funciones y trabajos de inventario y catalogaci\u00f3n del patrimonio hist\u00f3rico-arqueol\u00f3gico e hist\u00f3rico-art\u00edstico del Parque Arqueol\u00f3gico del Coliseo, y coordina su desarrollo en funci\u00f3n de los objetivos y estrategias que persigue el propio Parque y las pol\u00edticas ministeriales. El Servicio se ocupa particularmente de: garantizar el inventario<a class=\"excerpt-read-more\" href=\"https:\/\/colosseo.it\/es\/bsqueda\/servicio-de-catlogo-reliquias-mviles-y-depsitos\/\" title=\"ReadServicio de Cat&aacute;logo, Reliquias M&oacute;viles y Dep&oacute;sitos\">&#8230; Read more &raquo;<\/a><\/p>\n","protected":false},"author":1,"featured_media":0,"parent":6452,"menu_order":74,"comment_status":"closed","ping_status":"closed","template":"page-nav.php","meta":[],"acf":[],"_links":{"self":[{"href":"https:\/\/colosseo.it\/es\/wp-json\/wp\/v2\/pages\/7617"}],"collection":[{"href":"https:\/\/colosseo.it\/es\/wp-json\/wp\/v2\/pages"}],"about":[{"href":"https:\/\/colosseo.it\/es\/wp-json\/wp\/v2\/types\/page"}],"author":[{"embeddable":true,"href":"https:\/\/colosseo.it\/es\/wp-json\/wp\/v2\/users\/1"}],"replies":[{"embeddable":true,"href":"https:\/\/colosseo.it\/es\/wp-json\/wp\/v2\/comments?post=7617"}],"version-history":[{"count":4,"href":"https:\/\/colosseo.it\/es\/wp-json\/wp\/v2\/pages\/7617\/revisions"}],"predecessor-version":[{"id":12734,"href":"https:\/\/colosseo.it\/es\/wp-json\/wp\/v2\/pages\/7617\/revisions\/12734"}],"up":[{"embeddable":true,"href":"https:\/\/colosseo.it\/es\/wp-json\/wp\/v2\/pages\/6452"}],"wp:attachment":[{"href":"https:\/\/colosseo.it\/es\/wp-json\/wp\/v2\/media?parent=7617"}],"curies":[{"name":"wp","href":"https:\/\/api.w.org\/{rel}","templated":true}]}}