	
    {"id":7650,"date":"2019-10-04T10:57:16","date_gmt":"2019-10-04T08:57:16","guid":{"rendered":"https:\/\/colosseo.it\/bsqueda\/permisos-de-excavacin\/"},"modified":"2020-02-26T11:55:00","modified_gmt":"2020-02-26T10:55:00","slug":"permisos-de-excavacin","status":"publish","type":"page","link":"https:\/\/colosseo.it\/es\/bsqueda\/permisos-de-excavacin\/","title":{"rendered":"Permisos de excavaci&oacute;n"},"content":{"rendered":"<h2><strong>Normativa<\/strong><\/h2>\n<p>Las actividades de investigaci\u00f3n arqueol\u00f3gica est\u00e1n reservadas al Ministerio de los Bienes y Actividades Culturales, quien puede llevarlas a cabo directamente o confiarlas en concesi\u00f3n a otras entidades p\u00fablicas o privadas (seg\u00fan lo dispuesto en el Decreto Legislativo 42\/2004, arts. 88-89 de la normativa italiana).<br \/>\nPara las normas y restricciones relativas a los permisos de investigaci\u00f3n, especialmente las excavaciones en zonas no p\u00fablicas y su concesi\u00f3n de conformidad con el art. 92 del Decreto Legislativo 42\/2004 de la normativa italiana, rem\u00edtase a las circulares de la Direcci\u00f3n General de Arqueolog\u00eda n. \u00ba <a href=\"https:\/\/colosseo.it\/sito\/wp-content\/uploads\/2018\/11\/nn.24_2012.pdf\" target=\"_blank\" rel=\"noopener\">24\/2012<\/a><em>, <\/em><a href=\"https:\/\/colosseo.it\/sito\/wp-content\/uploads\/2018\/11\/8_2013.pdf\" target=\"_blank\" rel=\"noopener\">8\/2013<\/a><em>,<\/em> <a href=\"https:\/\/colosseo.it\/sito\/wp-content\/uploads\/2018\/11\/3_2015.pdf\" target=\"_blank\" rel=\"noopener\">3\/2015<\/a> y, en especial, la n. \u00ba <a href=\"https:\/\/colosseo.it\/sito\/wp-content\/uploads\/2018\/11\/6_2016.pdf\" target=\"_blank\" rel=\"noopener\">6\/2016<\/a> <em>y la circular<\/em> <a href=\"https:\/\/colosseo.it\/sito\/wp-content\/uploads\/2018\/11\/21_2016.pdf\" target=\"_blank\" rel=\"noopener\">21\/2016<\/a><em>.<\/em><\/p>\n<p>En t\u00e9rminos m\u00e1s generales, para las normas que rigen el sector, rem\u00edtase a las circulares 94 de 10\/07\/2000 de la Oficina Central de Medio Ambiente, Patrimonio Arqueol\u00f3gico, Art\u00edstico e Hist\u00f3rico y las circulares ref. 14184 de 30\/09\/2004 y ref. 958 de 04\/10\/2005 de la antigua Direcci\u00f3n General del Patrimonio Arqueol\u00f3gico. Por \u00faltimo, rem\u00edtase a lo dispuesto en el RD 363\/1913 en los arts. 100-115.<\/p>\n<p><strong>\u00a0<\/strong><\/p>\n<h2><strong>Procedimiento<\/strong><\/h2>\n<ul>\n<li>La solicitud para un nuevo permiso o la renovaci\u00f3n del mismo debe presentarse por duplicado al <strong>Parque Arqueol\u00f3gico del Coliseo<\/strong> antes del <strong>30 de noviembre de cada a\u00f1o<\/strong>, acompa\u00f1ada de los documentos que se indican a continuaci\u00f3n. El Parque remite una copia de la solicitud a la Direcci\u00f3n General de Arqueolog\u00eda, Bellas Artes y Paisaje junto con su resoluci\u00f3n.<br \/>\nLa Direcci\u00f3n General de Arqueolog\u00eda, Bellas Artes y Paisaje italiana estima o desestima la autorizaci\u00f3n y la comunica simult\u00e1neamente al Parque y al solicitante.<br \/>\nEn caso de estimaci\u00f3n por parte de la Direcci\u00f3n General, el Parque solicita al director de excavaci\u00f3n la firma de un documento de <a href=\"https:\/\/colosseo.it\/sito\/wp-content\/uploads\/2018\/11\/accettazione.pdf\" target=\"_blank\" rel=\"noopener\">aceptaci\u00f3n<\/a> en el que los interesados, adem\u00e1s de comunicar las fechas de excavaci\u00f3n, se comprometen a cumplir con determinadas normas, indicadas en la autorizaci\u00f3n remitida por el Ministerio al titular de la autorizaci\u00f3n, relativas a los procedimientos organizativos de la excavaci\u00f3n, a las condiciones de seguridad de los yacimientos, a las intervenciones de conservaci\u00f3n y restauraci\u00f3n y a las relaciones con la Superintendencia; asimismo, se comprometen a presentar la documentaci\u00f3n requerida al final de la excavaci\u00f3n. El documento de aceptaci\u00f3n tambi\u00e9n debe ser remitido a la comisar\u00eda de polic\u00eda local para su conocimiento.<\/li>\n<\/ul>\n<h3><strong>Documentaci\u00f3n a presentar:<\/strong><\/h3>\n<p>Las entidades que soliciten un permiso de excavaci\u00f3n deber\u00e1n enviar al Parque la siguiente documentaci\u00f3n por duplicado, tanto para renovaciones como para nuevas solicitudes, orden\u00e1ndolos de acuerdo a la siguiente lista (indique la letra correspondiente en el encabezado de cada documento).<\/p>\n<ul>\n<li>a) <a href=\"https:\/\/colosseo.it\/sito\/wp-content\/uploads\/2018\/11\/Richiesta-Concessione.pdf\" target=\"_blank\" rel=\"noopener\"><strong>Solicitud de permiso de la excavaci\u00f3n<\/strong><\/a>, fechada y firmada por el representante legal de la entidad solicitante, en la que debe constar claramente el nombre del \u00fanico director de excavaci\u00f3n (sin perjuicio de la posibilidad de compartir la responsabilidad cient\u00edfica de la investigaci\u00f3n entre varios sujetos) y en la que se enumeran todas las instituciones que participan de alguna forma en las distintas vertientes del proyecto.<br \/>\nb) <a href=\"https:\/\/colosseo.it\/sito\/wp-content\/uploads\/2018\/11\/Modello_piano_economico.pdf\" target=\"_blank\" rel=\"noopener\"><strong>Plan econ\u00f3mico<\/strong><\/a> detallado acorde con el compromiso que el solicitante del permiso se proponga asumir y, en el caso de permisos plurianuales, articulados per annum, firmado por el representante legal del solicitante, que deber\u00e1 incluir las partidas presupuestarias para la restauraci\u00f3n de estructuras y materiales m\u00f3viles y para la seguridad y\/o cobertura del \u00e1rea de excavaci\u00f3n al final de la obra, cada una de las cuales no podr\u00e1 ser inferior al 15 % de la asignaci\u00f3n econ\u00f3mica total.<br \/>\nc) <strong>Informe program\u00e1tico<\/strong> sobre las actividades de investigaci\u00f3n previstas.<br \/>\nd) <strong>Replanteo del \u00e1rea de excavaci\u00f3n<\/strong>.<br \/>\ne) <strong>Breve curr\u00edculum vitae<\/strong> del director de excavaci\u00f3n, si no se ha facilitado previamente.<br \/>\nf) <strong>Organigrama<\/strong> de las funciones e instituciones de los miembros del personal que ocupan cargos o puestos de responsabilidad en la excavaci\u00f3n.<br \/>\ng) <a href=\"https:\/\/colosseo.it\/sito\/wp-content\/uploads\/2018\/11\/dichiarazione_di_rinuncia.pdf\" target=\"_blank\" rel=\"noopener\"><strong>Declaraci\u00f3n de renuncia al premio por descubrimiento<\/strong><\/a> por parte del concesionario firmada por el representante legal y acompa\u00f1ada de una copia de un documento de identidad v\u00e1lido.<br \/>\nh) <a href=\"https:\/\/colosseo.it\/sito\/wp-content\/uploads\/2018\/11\/direttore-di-scavo.pdf\" target=\"_blank\" rel=\"noopener\"><strong>Declaraci\u00f3n de renuncia al premio por descubrimiento<\/strong><\/a> por parte del director de excavaci\u00f3n, acompa\u00f1ada de una copia de un documento de identidad v\u00e1lido.<br \/>\ni) <a href=\"https:\/\/colosseo.it\/sito\/wp-content\/uploads\/2018\/11\/staff.pdf\" target=\"_blank\" rel=\"noopener\"><strong>Declaraci\u00f3n de renuncia al premio por descubrimiento<\/strong><\/a> por parte de los miembros del personal que ocupen cargos o puestos de responsabilidad en la excavaci\u00f3n, acompa\u00f1ada de una copia de un documento de identidad v\u00e1lido de cada uno de ellos; alternativamente, <a href=\"https:\/\/colosseo.it\/sito\/wp-content\/uploads\/2018\/11\/direttore_per_lo_staff.pdf\" target=\"_blank\" rel=\"noopener\"><strong>declaraci\u00f3n de renuncia al premio por descubrimiento<\/strong><\/a> por parte de los miembros del <em>personal<\/em>, hecha a nombre del director de excavaci\u00f3n, acompa\u00f1ada de una copia de un documento de identidad v\u00e1lido del director de excavaci\u00f3n.<br \/>\nj) <a href=\"https:\/\/colosseo.it\/sito\/wp-content\/uploads\/2018\/11\/proprietari.pdf\" target=\"_blank\" rel=\"noopener\"><strong>Declaraci\u00f3n de renuncia al premio por descubrimiento<\/strong> <strong>y consentimiento para permitir el acceso a la zona de que se trate<\/strong><\/a> a los propietarios del inmueble, si es diferente del Estado, acompa\u00f1ada de una copia de un documento de identidad v\u00e1lido.<br \/>\nk) <strong>Declaraci\u00f3n<\/strong>, firmada por el director de excavaci\u00f3n y\/o el organismo solicitante del permiso, <strong>relativa a la cobertura de seguro<\/strong> para todos los participantes en la excavaci\u00f3n y\/o una copia de las p\u00f3lizas de seguro correspondientes.<\/li>\n<\/ul>\n<p>&nbsp;<\/p>\n<p>Las solicitudes de renovaci\u00f3n tambi\u00e9n deber\u00e1n ir acompa\u00f1adas de:<\/p>\n<ul>\n<li>l) <strong>Informe detallado<\/strong> de las actividades realizadas durante la \u00faltima campa\u00f1a de excavaci\u00f3n, con referencia expresa a las actividades de conservaci\u00f3n y restauraci\u00f3n realizadas sobre las estructuras y materiales m\u00f3viles descubiertos y\/o a las soluciones adoptadas para la seguridad y cobertura del \u00e1rea de excavaci\u00f3n.<br \/>\nm) <strong>Declaraci\u00f3n de que se ha remitido<\/strong> el informe de s\u00edntesis de la \u00faltima campa\u00f1a de excavaci\u00f3n a <a href=\"http:\/\/www.fastionline.org\/\">Fasti Online<\/a>.<br \/>\nn) <strong>Declaraci\u00f3n de que se ha entregado<\/strong> la lista de materiales al Parque (nota: la lista se entregar\u00e1 en un plazo de 30 d\u00edas a partir de la finalizaci\u00f3n de la campa\u00f1a).<br \/>\no) <a href=\"https:\/\/colosseo.it\/sito\/wp-content\/uploads\/2018\/11\/documentazione_scavo.pdf\" target=\"_blank\" rel=\"noopener\"><strong>Documentaci\u00f3n de la excavaci\u00f3n<\/strong><\/a>, que se entregar\u00e1 de acuerdo con las normas establecidas por el Parque. Cualquier otra forma de entrega distinta de las se\u00f1aladas deber\u00e1 ser acordada por el funcionario responsable de la zona.<\/li>\n<\/ul>\n","protected":false},"excerpt":{"rendered":"<p>Normativa Las actividades de investigaci\u00f3n arqueol\u00f3gica est\u00e1n reservadas al Ministerio de los Bienes y Actividades Culturales, quien puede llevarlas a cabo directamente o confiarlas en concesi\u00f3n a otras entidades p\u00fablicas o privadas (seg\u00fan lo dispuesto en el Decreto Legislativo 42\/2004, arts. 88-89 de la normativa italiana). Para las normas y restricciones relativas a los permisos<a class=\"excerpt-read-more\" href=\"https:\/\/colosseo.it\/es\/bsqueda\/permisos-de-excavacin\/\" title=\"ReadPermisos de excavaci&oacute;n\">&#8230; Read more &raquo;<\/a><\/p>\n","protected":false},"author":1,"featured_media":0,"parent":6452,"menu_order":70,"comment_status":"closed","ping_status":"closed","template":"page-nav.php","meta":[],"acf":[],"_links":{"self":[{"href":"https:\/\/colosseo.it\/es\/wp-json\/wp\/v2\/pages\/7650"}],"collection":[{"href":"https:\/\/colosseo.it\/es\/wp-json\/wp\/v2\/pages"}],"about":[{"href":"https:\/\/colosseo.it\/es\/wp-json\/wp\/v2\/types\/page"}],"author":[{"embeddable":true,"href":"https:\/\/colosseo.it\/es\/wp-json\/wp\/v2\/users\/1"}],"replies":[{"embeddable":true,"href":"https:\/\/colosseo.it\/es\/wp-json\/wp\/v2\/comments?post=7650"}],"version-history":[{"count":4,"href":"https:\/\/colosseo.it\/es\/wp-json\/wp\/v2\/pages\/7650\/revisions"}],"predecessor-version":[{"id":12732,"href":"https:\/\/colosseo.it\/es\/wp-json\/wp\/v2\/pages\/7650\/revisions\/12732"}],"up":[{"embeddable":true,"href":"https:\/\/colosseo.it\/es\/wp-json\/wp\/v2\/pages\/6452"}],"wp:attachment":[{"href":"https:\/\/colosseo.it\/es\/wp-json\/wp\/v2\/media?parent=7650"}],"curies":[{"name":"wp","href":"https:\/\/api.w.org\/{rel}","templated":true}]}}